{"id":9059,"date":"2023-05-15T14:48:09","date_gmt":"2023-05-15T12:48:09","guid":{"rendered":"https:\/\/quintett.eu\/?product=boomtone-dj-starlight-lzr"},"modified":"2023-05-15T14:48:09","modified_gmt":"2023-05-15T12:48:09","slug":"boomtone-dj-starlight-lzr","status":"publish","type":"product","link":"https:\/\/quintett.eu\/?product=boomtone-dj-starlight-lzr","title":{"rendered":"BoomTone DJ STARLIGHT-LZR"},"content":{"rendered":"<p># BoomTone DJ STARLIGHT#LZR <\/p>\n<p># Jeu de lumi\u0150re \u016f LED 4 effets en 1 <\/p>\n<p># Effet faisceaux multicolores 2 LED 10W RGBW 4#en#1<\/p>\n<p># Effet Strobe 1 LED blanche de 10W<\/p>\n<p># Effet d&#8217;animation RGB 16 LED SMD 50\/50 RGB 3#en#1<\/p>\n<p># Effet LASER vert 40 mW et rouge 100mW avec gobos<\/p>\n<p># Contr\u00f4le DMX, auto, musical, t\u00e9l\u00e9commande<\/p>\n<p># 15 canaux DMX<\/p>\n<p># Bo\u00eetier en ABS<\/p>\n<p># Alimentation AC95#240V # 50 \/ 60Hz<\/p>\n<p># Dimensions : 185 x 215 x 210mm<\/p>\n<p># Poids : 1,35kg<\/p>\n","protected":false},"excerpt":{"rendered":"<p>Jeu de lumi\u0150re STARLIGHT-LZR BoomTone DJ. Se compose de 4 effets dynamiques en 1. Id\u00e9al pour prestations DJ.<\/p>\n","protected":false},"featured_media":8945,"comment_status":"closed","ping_status":"open","template":"","meta":[],"product_brand":[],"product_cat":[517,20],"product_tag":[519,782],"class_list":{"0":"post-9059","1":"product","2":"type-product","3":"status-publish","4":"has-post-thumbnail","6":"product_cat-boomtone","7":"product_cat-lumini-scene","8":"product_tag-boomtone","9":"product_tag-lumini","11":"first","12":"instock","13":"purchasable","14":"product-type-simple"},"jetpack_sharing_enabled":true,"_links":{"self":[{"href":"https:\/\/quintett.eu\/index.php?rest_route=\/wp\/v2\/product\/9059","targetHints":{"allow":["GET"]}}],"collection":[{"href":"https:\/\/quintett.eu\/index.php?rest_route=\/wp\/v2\/product"}],"about":[{"href":"https:\/\/quintett.eu\/index.php?rest_route=\/wp\/v2\/types\/product"}],"replies":[{"embeddable":true,"href":"https:\/\/quintett.eu\/index.php?rest_route=%2Fwp%2Fv2%2Fcomments&post=9059"}],"wp:featuredmedia":[{"embeddable":true,"href":"https:\/\/quintett.eu\/index.php?rest_route=\/wp\/v2\/media\/8945"}],"wp:attachment":[{"href":"https:\/\/quintett.eu\/index.php?rest_route=%2Fwp%2Fv2%2Fmedia&parent=9059"}],"wp:term":[{"taxonomy":"product_brand","embeddable":true,"href":"https:\/\/quintett.eu\/index.php?rest_route=%2Fwp%2Fv2%2Fproduct_brand&post=9059"},{"taxonomy":"product_cat","embeddable":true,"href":"https:\/\/quintett.eu\/index.php?rest_route=%2Fwp%2Fv2%2Fproduct_cat&post=9059"},{"taxonomy":"product_tag","embeddable":true,"href":"https:\/\/quintett.eu\/index.php?rest_route=%2Fwp%2Fv2%2Fproduct_tag&post=9059"}],"curies":[{"name":"wp","href":"https:\/\/api.w.org\/{rel}","templated":true}]}}