{"id":9060,"date":"2023-05-15T14:48:09","date_gmt":"2023-05-15T12:48:09","guid":{"rendered":"https:\/\/quintett.eu\/?product=boomtone-dj-s-1500-pro-mkii"},"modified":"2023-05-15T14:48:09","modified_gmt":"2023-05-15T12:48:09","slug":"boomtone-dj-s-1500-pro-mkii","status":"publish","type":"product","link":"https:\/\/quintett.eu\/?product=boomtone-dj-s-1500-pro-mkii","title":{"rendered":"BoomTone DJ S-1500 PRO-MKII"},"content":{"rendered":"<p># Stroboscope 1500 Watts DMX<\/p>\n<p># Protocole DMX#512<\/p>\n<p># 2 canaux DMX pour la vitesse et l&#8217;intensit\u00e9 de lumi\u0150re<\/p>\n<p># R\u00e9glage de vitesse et variateur au dos de l&#8217;appareil<\/p>\n<p># R\u00e9glage de la fr\u00e9quence des flash par potentiom\u0150tre (de 1 \u016f 15 flash\/sec)<\/p>\n<p># Lyre de fixation avec serrage par molettes<\/p>\n<p># Variation du DIMMER de 0 \u016f 100%<\/p>\n<p># Lampe : XOP15, 1500W (fournie)<\/p>\n<p># Alimentation : 220#230Vac, 50Hz<\/p>\n<p># Fusible : 15A<\/p>\n<p># Dimensions : 530 x 300 x 190 mm<\/p>\n<p># Poids : 3,65 kg<\/p>\n<p># Conforme aux normes CE et RoHS<\/p>\n<p># Norme de protection IP20<\/p>\n","protected":false},"excerpt":{"rendered":"<p>Un stroboscope 1500W est un indispensable \u016f toute soir\u00e9e qui se respecte ! BoomToneDJ vous propose son S-1500 PRO-MKII, la r\u00e9f\u00e9rence des stroboscopes \u016f prix rikiki.<\/p>\n","protected":false},"featured_media":8947,"comment_status":"closed","ping_status":"open","template":"","meta":[],"product_brand":[],"product_cat":[517,20],"product_tag":[519,782],"class_list":{"0":"post-9060","1":"product","2":"type-product","3":"status-publish","4":"has-post-thumbnail","6":"product_cat-boomtone","7":"product_cat-lumini-scene","8":"product_tag-boomtone","9":"product_tag-lumini","11":"first","12":"instock","13":"purchasable","14":"product-type-simple"},"jetpack_sharing_enabled":true,"_links":{"self":[{"href":"https:\/\/quintett.eu\/index.php?rest_route=\/wp\/v2\/product\/9060","targetHints":{"allow":["GET"]}}],"collection":[{"href":"https:\/\/quintett.eu\/index.php?rest_route=\/wp\/v2\/product"}],"about":[{"href":"https:\/\/quintett.eu\/index.php?rest_route=\/wp\/v2\/types\/product"}],"replies":[{"embeddable":true,"href":"https:\/\/quintett.eu\/index.php?rest_route=%2Fwp%2Fv2%2Fcomments&post=9060"}],"wp:featuredmedia":[{"embeddable":true,"href":"https:\/\/quintett.eu\/index.php?rest_route=\/wp\/v2\/media\/8947"}],"wp:attachment":[{"href":"https:\/\/quintett.eu\/index.php?rest_route=%2Fwp%2Fv2%2Fmedia&parent=9060"}],"wp:term":[{"taxonomy":"product_brand","embeddable":true,"href":"https:\/\/quintett.eu\/index.php?rest_route=%2Fwp%2Fv2%2Fproduct_brand&post=9060"},{"taxonomy":"product_cat","embeddable":true,"href":"https:\/\/quintett.eu\/index.php?rest_route=%2Fwp%2Fv2%2Fproduct_cat&post=9060"},{"taxonomy":"product_tag","embeddable":true,"href":"https:\/\/quintett.eu\/index.php?rest_route=%2Fwp%2Fv2%2Fproduct_tag&post=9060"}],"curies":[{"name":"wp","href":"https:\/\/api.w.org\/{rel}","templated":true}]}}