{"id":9062,"date":"2023-05-15T14:48:09","date_gmt":"2023-05-15T12:48:09","guid":{"rendered":"https:\/\/quintett.eu\/?product=boomtone-dj-lightshow-5fx"},"modified":"2023-05-15T14:48:10","modified_gmt":"2023-05-15T12:48:10","slug":"boomtone-dj-lightshow-5fx","status":"publish","type":"product","link":"https:\/\/quintett.eu\/?product=boomtone-dj-lightshow-5fx","title":{"rendered":"BoomTone DJ LightShow 5FX"},"content":{"rendered":"<p># Jeu de lumi\u0150re ultra#complet avec 5 effets diff\u00e9rents<\/p>\n<p># Laser, Strob, Crystal Ball, UV, LED wash<\/p>\n<p># Sources lumineuses Crystal Ball?1 LED de 12W RGBW 4in1 <\/p>\n<p># Sources lumineuses Strob et UV : 4 LED de 10W blanche et UV<\/p>\n<p># Sources lumineuses Laser : 120mW vert et 30mW Rouge<\/p>\n<p># Sources lumineuses LED wash : 4 LED de 6W RGBW 4in1<\/p>\n<p># 4 modes de fonctionnement : DMX, Automatique, D\u00e9tection musicale, t\u00e9l\u00e9commande IR<\/p>\n<p># Angle de couverture : 120 degr\u00e9s<\/p>\n<p># Canaux DMX?18 canaux <\/p>\n<p># Alimentation ?AC100#240V 50\/60Hz<\/p>\n<p># Fusible?F3A\/250V<\/p>\n<p># Consommation max : 60W<\/p>\n<p># Dimensions de l&#8217;appareil : 185\u00d7185\u00d7120mm<\/p>\n<p># Dimensions du carton : 245 x 140 x 220 mm<\/p>\n<p># Poids net?0,8 kg<\/p>\n<p># Poids brut : 1.2 kg<\/p>\n","protected":false},"excerpt":{"rendered":"<p>Effet lumi\u0150res 5 en 1 : Crystal ball, Strob, UV, Laser, LED wash<\/p>\n","protected":false},"featured_media":8951,"comment_status":"closed","ping_status":"open","template":"","meta":[],"product_brand":[],"product_cat":[517,20],"product_tag":[519,782],"class_list":{"0":"post-9062","1":"product","2":"type-product","3":"status-publish","4":"has-post-thumbnail","6":"product_cat-boomtone","7":"product_cat-lumini-scene","8":"product_tag-boomtone","9":"product_tag-lumini","11":"first","12":"instock","13":"purchasable","14":"product-type-simple"},"jetpack_sharing_enabled":true,"_links":{"self":[{"href":"https:\/\/quintett.eu\/index.php?rest_route=\/wp\/v2\/product\/9062","targetHints":{"allow":["GET"]}}],"collection":[{"href":"https:\/\/quintett.eu\/index.php?rest_route=\/wp\/v2\/product"}],"about":[{"href":"https:\/\/quintett.eu\/index.php?rest_route=\/wp\/v2\/types\/product"}],"replies":[{"embeddable":true,"href":"https:\/\/quintett.eu\/index.php?rest_route=%2Fwp%2Fv2%2Fcomments&post=9062"}],"wp:featuredmedia":[{"embeddable":true,"href":"https:\/\/quintett.eu\/index.php?rest_route=\/wp\/v2\/media\/8951"}],"wp:attachment":[{"href":"https:\/\/quintett.eu\/index.php?rest_route=%2Fwp%2Fv2%2Fmedia&parent=9062"}],"wp:term":[{"taxonomy":"product_brand","embeddable":true,"href":"https:\/\/quintett.eu\/index.php?rest_route=%2Fwp%2Fv2%2Fproduct_brand&post=9062"},{"taxonomy":"product_cat","embeddable":true,"href":"https:\/\/quintett.eu\/index.php?rest_route=%2Fwp%2Fv2%2Fproduct_cat&post=9062"},{"taxonomy":"product_tag","embeddable":true,"href":"https:\/\/quintett.eu\/index.php?rest_route=%2Fwp%2Fv2%2Fproduct_tag&post=9062"}],"curies":[{"name":"wp","href":"https:\/\/api.w.org\/{rel}","templated":true}]}}