{"id":9063,"date":"2023-05-15T14:48:09","date_gmt":"2023-05-15T12:48:09","guid":{"rendered":"https:\/\/quintett.eu\/?product=boomtone-dj-d-tiene"},"modified":"2023-05-15T14:48:10","modified_gmt":"2023-05-15T12:48:10","slug":"boomtone-dj-d-tiene","status":"publish","type":"product","link":"https:\/\/quintett.eu\/?product=boomtone-dj-d-tiene","title":{"rendered":"BoomTone DJ D-TIENE"},"content":{"rendered":"<p># Jeu de lumi\u0150res \u016f LED <\/p>\n<p># Sources lumineuses : 28 LED de 1W R.G.B (R*8.G*8.B*8.RGB 3 en 1*4 )<\/p>\n<p># Angle du faisceau : 25\u00b0<\/p>\n<p># Gradateur : Gradation lin\u00e9aire de 0#100%.<\/p>\n<p># Fonctionnement : Auto, Son, T\u00e9l\u00e9commande<\/p>\n<p># Tr\u00e9pied fourni r\u00e9glable en hauteur : 50#150cm<\/p>\n<p># Alimentation : AC110#240V, 50\/60Hz<\/p>\n<p># Consommation max : 30W<\/p>\n<p># Dimensions?L 510 \u00d7 l 250 \u00d7 H 120mm<\/p>\n<p># Poids brut?0.8 kg<\/p>\n","protected":false},"excerpt":{"rendered":"<p>Effets \u016f leds sur pied avec fixation fournie. Le D-tiene vous permettra d&#8217;animer une soir\u00e9e \u016f la maison ou en disco-mobile.<\/p>\n","protected":false},"featured_media":8953,"comment_status":"closed","ping_status":"open","template":"","meta":[],"product_brand":[],"product_cat":[517,20],"product_tag":[519,782],"class_list":{"0":"post-9063","1":"product","2":"type-product","3":"status-publish","4":"has-post-thumbnail","6":"product_cat-boomtone","7":"product_cat-lumini-scene","8":"product_tag-boomtone","9":"product_tag-lumini","11":"first","12":"instock","13":"purchasable","14":"product-type-simple"},"jetpack_sharing_enabled":true,"_links":{"self":[{"href":"https:\/\/quintett.eu\/index.php?rest_route=\/wp\/v2\/product\/9063","targetHints":{"allow":["GET"]}}],"collection":[{"href":"https:\/\/quintett.eu\/index.php?rest_route=\/wp\/v2\/product"}],"about":[{"href":"https:\/\/quintett.eu\/index.php?rest_route=\/wp\/v2\/types\/product"}],"replies":[{"embeddable":true,"href":"https:\/\/quintett.eu\/index.php?rest_route=%2Fwp%2Fv2%2Fcomments&post=9063"}],"wp:featuredmedia":[{"embeddable":true,"href":"https:\/\/quintett.eu\/index.php?rest_route=\/wp\/v2\/media\/8953"}],"wp:attachment":[{"href":"https:\/\/quintett.eu\/index.php?rest_route=%2Fwp%2Fv2%2Fmedia&parent=9063"}],"wp:term":[{"taxonomy":"product_brand","embeddable":true,"href":"https:\/\/quintett.eu\/index.php?rest_route=%2Fwp%2Fv2%2Fproduct_brand&post=9063"},{"taxonomy":"product_cat","embeddable":true,"href":"https:\/\/quintett.eu\/index.php?rest_route=%2Fwp%2Fv2%2Fproduct_cat&post=9063"},{"taxonomy":"product_tag","embeddable":true,"href":"https:\/\/quintett.eu\/index.php?rest_route=%2Fwp%2Fv2%2Fproduct_tag&post=9063"}],"curies":[{"name":"wp","href":"https:\/\/api.w.org\/{rel}","templated":true}]}}