{"id":9075,"date":"2023-05-15T17:10:05","date_gmt":"2023-05-15T15:10:05","guid":{"rendered":"https:\/\/quintett.eu\/?product=hpa-ws650wh"},"modified":"2023-08-01T16:59:22","modified_gmt":"2023-08-01T14:59:22","slug":"hpa-ws650wh","status":"publish","type":"product","link":"https:\/\/quintett.eu\/?product=hpa-ws650wh","title":{"rendered":"Boxe HPA WS650WH"},"content":{"rendered":"","protected":false},"excerpt":{"rendered":"<p>HPA WS-650WH ,Boxe de instalare, finisaj negru, calitate excelenta a sunetului. Putere de 60 wa\u021bi la 8 ohmi sau 10W \/ 20W \/ 40W la 100V. Sunt certificate IP66 pentru utilizare \u00een exterior sau \u00een interior. Difuzoare v\u00e2ndute ca pereche.<\/p>\n","protected":false},"featured_media":9076,"comment_status":"closed","ping_status":"closed","template":"","meta":[],"product_brand":[],"product_cat":[783,16],"product_tag":[475,74,406,786,785,133],"class_list":{"0":"post-9075","1":"product","2":"type-product","3":"status-publish","4":"has-post-thumbnail","6":"product_cat-amplifier","7":"product_cat-sonorizare-pa","8":"product_tag-100v","9":"product_tag-amplificatoare","10":"product_tag-boxe","11":"product_tag-conferinta","12":"product_tag-hpa","13":"product_tag-microfoane","15":"first","16":"instock","17":"purchasable","18":"product-type-simple"},"jetpack_sharing_enabled":true,"_links":{"self":[{"href":"https:\/\/quintett.eu\/index.php?rest_route=\/wp\/v2\/product\/9075","targetHints":{"allow":["GET"]}}],"collection":[{"href":"https:\/\/quintett.eu\/index.php?rest_route=\/wp\/v2\/product"}],"about":[{"href":"https:\/\/quintett.eu\/index.php?rest_route=\/wp\/v2\/types\/product"}],"replies":[{"embeddable":true,"href":"https:\/\/quintett.eu\/index.php?rest_route=%2Fwp%2Fv2%2Fcomments&post=9075"}],"wp:featuredmedia":[{"embeddable":true,"href":"https:\/\/quintett.eu\/index.php?rest_route=\/wp\/v2\/media\/9076"}],"wp:attachment":[{"href":"https:\/\/quintett.eu\/index.php?rest_route=%2Fwp%2Fv2%2Fmedia&parent=9075"}],"wp:term":[{"taxonomy":"product_brand","embeddable":true,"href":"https:\/\/quintett.eu\/index.php?rest_route=%2Fwp%2Fv2%2Fproduct_brand&post=9075"},{"taxonomy":"product_cat","embeddable":true,"href":"https:\/\/quintett.eu\/index.php?rest_route=%2Fwp%2Fv2%2Fproduct_cat&post=9075"},{"taxonomy":"product_tag","embeddable":true,"href":"https:\/\/quintett.eu\/index.php?rest_route=%2Fwp%2Fv2%2Fproduct_tag&post=9075"}],"curies":[{"name":"wp","href":"https:\/\/api.w.org\/{rel}","templated":true}]}}