{"id":916,"date":"2020-05-26T14:43:37","date_gmt":"2020-05-26T12:43:37","guid":{"rendered":"https:\/\/quintett.eu\/?post_type=product&#038;p=916"},"modified":"2026-01-01T00:02:11","modified_gmt":"2025-12-31T22:02:11","slug":"audio-technica-at2020","status":"publish","type":"product","link":"https:\/\/quintett.eu\/?product=audio-technica-at2020","title":{"rendered":"Audio Technica AT2020"},"content":{"rendered":"<table class=\"table table-striped\" width=\"100%\">\n<tbody>\n<tr>\n<td width=\"35%\"><strong>Element<\/strong><\/td>\n<td width=\"65%\">Condenser permanent polarizat cu backplate cu \u00eenc\u0103rc\u0103tur\u0103 fix\u0103<\/td>\n<\/tr>\n<tr>\n<td width=\"35%\"><strong>Figur\u0103 polar\u0103<\/strong><\/td>\n<td width=\"65%\">Cardioid<\/td>\n<\/tr>\n<tr>\n<td width=\"35%\"><strong>R\u0103spuns \u00een frecven\u021b\u0103<\/strong><\/td>\n<td width=\"65%\">20 &#8211; 20,000 Hz<\/td>\n<\/tr>\n<tr>\n<td width=\"35%\"><strong>Sensibilitatea \u00een circuit deschis<\/strong><\/td>\n<td width=\"65%\">-37 dB (14.1 mV) re 1V la 1 Pa<\/td>\n<\/tr>\n<tr>\n<td width=\"35%\"><strong>Impedan\u021ba<\/strong><\/td>\n<td width=\"65%\">100 ohmi<\/td>\n<\/tr>\n<tr>\n<td width=\"35%\"><strong>Nivelul maxim de presiune sonor\u0103<\/strong><\/td>\n<td width=\"65%\">144 dB SPL, 1 kHz la 1% T.H.D.<\/td>\n<\/tr>\n<tr>\n<td width=\"35%\"><strong>Gama dinamic\u0103<\/strong><\/td>\n<td width=\"65%\">124 dB, 1 kHz la Max SPL<\/td>\n<\/tr>\n<tr>\n<td width=\"35%\"><strong>Raport Semnal-Zgomot<\/strong><\/td>\n<td width=\"65%\">74 dB, 1 kHz la 1 Pa<\/td>\n<\/tr>\n<tr>\n<td width=\"35%\"><strong>Necesar Phantom Power<\/strong><\/td>\n<td width=\"65%\">48V DC, 2 mA tipic<\/td>\n<\/tr>\n<tr>\n<td width=\"35%\"><strong>Greutate<\/strong><\/td>\n<td width=\"65%\">345g<\/td>\n<\/tr>\n<tr>\n<td width=\"35%\"><strong>Dimensiuni<\/strong><\/td>\n<td width=\"65%\">6.38&#8243; (162.0 mm) lungime, 2.05&#8243; (52.0 mm) diametrul maxim al corpului<\/td>\n<\/tr>\n<tr>\n<td width=\"35%\"><strong>Conector de ie\u0219ire<\/strong><\/td>\n<td width=\"65%\">Integrat; tip XLRM cu 3 pini<\/td>\n<\/tr>\n<tr>\n<td width=\"35%\"><strong>Accesorii incluse<\/strong><\/td>\n<td width=\"65%\">Montur\u0103 de 5\/8&#8243;-27 pentru stativele cu filet; adaptor pentru filet de la 5\/8&#8243;-27 la 3\/8&#8243;-16; hus\u0103 moale de protec\u021bi<\/td>\n<\/tr>\n<\/tbody>\n<\/table>\n","protected":false},"excerpt":{"rendered":"<h2>AT2020<\/h2>\n<h3>cel mai bun raport calitate-pret din clasa sa<\/h3>\n<p>AT2020 stabile\u0219te un nou standard de performan\u021b\u0103 \u0219i calitate \u00een materie de microfoane condenser de studio la pre\u021b entry level. Diafragma sa cu mas\u0103 redus\u0103 este g\u00e2ndit\u0103 special pentru un r\u0103spuns \u00een frecven\u021b\u0103 extins \u0219i un r\u0103spuns superior \u00een tranzien\u021bi. Cu un zgomot propriu de fond extrem de redus, este perfect adaptat pentru folosirea \u00een combina\u021bie cu echipamente de \u00eenregistrare moderne. Microfonul ofer\u0103 o gam\u0103 dinamic\u0103 larg\u0103 \u0219i suport\u0103 u\u0219or nivele de presiune sonor\u0103 ridicate. Construc\u021bia robust\u0103 \u00eei garanteaz\u0103 durabilitatea peste ani.<\/p>\n<ul>\n<li>Un raport calitate-pre\u021b spectaculos \u00een zona microfoanelor condenser de studio<\/li>\n<li>Ideal pentru proiecte \u0219i aplica\u021bii de home studio<\/li>\n<li>Capacitatea de-a suporta nivele mari de presiune sonor\u0103 \u0219i gama dinamic\u0103 excelent\u0103 fac din AT2020 un microfon extrem de adaptabil \u0219i util oric\u00e2nd<\/li>\n<li>Diafragm\u0103 custom de \u00d816mm cu mas\u0103 redus\u0103, care ofer\u0103 at\u00e2t r\u0103spuns amplu \u00een frecven\u021b\u0103, c\u00e2t \u0219i r\u0103spuns superior \u00een tranzien\u021bi<\/li>\n<li>Figura polar\u0103 cardioid\u0103 confer\u0103 o izolare mai bun\u0103 a sursei de sunet vizate \u0219i reduce zgomotele nedorite din laterale \u0219i spate<\/li>\n<li>Fixarea prin \u00een\u0219urubare \u0219i piciorul pivotant asigur\u0103 montarea u\u0219oar\u0103 \u0219i pozi\u021bionarea flexibil\u0103 a microfonului din orice unghi<\/li>\n<li>Cu un zgomot de fond foarte mic, este perfect pentru folosirea \u00een combina\u021bie cu echipament de \u00eenregistrare de elit\u0103<\/li>\n<li>Poate fi montat pe shock mount-ul AT8458<\/li>\n<\/ul>\n","protected":false},"featured_media":13232,"comment_status":"open","ping_status":"closed","template":"","meta":[],"product_brand":[],"product_cat":[60,1472],"product_tag":[116,118,1250,1251,115,117],"class_list":{"0":"post-916","1":"product","2":"type-product","3":"status-publish","4":"has-post-thumbnail","6":"product_cat-microfoane","7":"product_cat-black-friday-najlepsie-ceny","8":"product_tag-at2020","9":"product_tag-audio-technica","10":"product_tag-audio-technica-at-2020","11":"product_tag-audio-technica-at2020","12":"product_tag-microfon","13":"product_tag-microfon-de-studio","15":"first","16":"instock","17":"purchasable","18":"product-type-simple"},"jetpack_sharing_enabled":true,"_links":{"self":[{"href":"https:\/\/quintett.eu\/index.php?rest_route=\/wp\/v2\/product\/916","targetHints":{"allow":["GET"]}}],"collection":[{"href":"https:\/\/quintett.eu\/index.php?rest_route=\/wp\/v2\/product"}],"about":[{"href":"https:\/\/quintett.eu\/index.php?rest_route=\/wp\/v2\/types\/product"}],"replies":[{"embeddable":true,"href":"https:\/\/quintett.eu\/index.php?rest_route=%2Fwp%2Fv2%2Fcomments&post=916"}],"wp:featuredmedia":[{"embeddable":true,"href":"https:\/\/quintett.eu\/index.php?rest_route=\/wp\/v2\/media\/13232"}],"wp:attachment":[{"href":"https:\/\/quintett.eu\/index.php?rest_route=%2Fwp%2Fv2%2Fmedia&parent=916"}],"wp:term":[{"taxonomy":"product_brand","embeddable":true,"href":"https:\/\/quintett.eu\/index.php?rest_route=%2Fwp%2Fv2%2Fproduct_brand&post=916"},{"taxonomy":"product_cat","embeddable":true,"href":"https:\/\/quintett.eu\/index.php?rest_route=%2Fwp%2Fv2%2Fproduct_cat&post=916"},{"taxonomy":"product_tag","embeddable":true,"href":"https:\/\/quintett.eu\/index.php?rest_route=%2Fwp%2Fv2%2Fproduct_tag&post=916"}],"curies":[{"name":"wp","href":"https:\/\/api.w.org\/{rel}","templated":true}]}}