{"id":9168,"date":"2023-05-15T17:10:05","date_gmt":"2023-05-15T15:10:05","guid":{"rendered":"https:\/\/quintett.eu\/?product=hpa-sc-2288c"},"modified":"2025-03-30T13:48:47","modified_gmt":"2025-03-30T11:48:47","slug":"hpa-sc-2288c","status":"publish","type":"product","link":"https:\/\/quintett.eu\/?product=hpa-sc-2288c","title":{"rendered":"HPA SC-2288C"},"content":{"rendered":"<p># R\u00e9ception et transmission UHF <\/p>\n<p># Fr\u00e9quence porteuse 610MHz # 659.75MHz<\/p>\n<p># R\u00e9ponse en fr\u00e9quence 60Hz # 16KHz<\/p>\n<p># Directivit\u00e9 hypercardio\u0151de<\/p>\n<p># Fonction priorit\u00e9<\/p>\n<p># Sensibilit\u00e9 1KHz # 1Pa : #40dBV<\/p>\n<p># Modulation FM<\/p>\n<p># Ecran LCD <\/p>\n<p># Utilisation simultan\u00e9e de 5 micros (1 pr\u00e9sident + 4 d\u00e9l\u00e9gu\u00e9s) <\/p>\n<p># Port\u00e9e en conditions normales jusqu&#8217;\u016f 60 m\u0150tres<\/p>\n<p># Rapport signal bruit : > 85dB<\/p>\n<p># Longueur du col de cygne : 50 cm<\/p>\n<p># THD : < 0.8%\n\n# Alimentation via batterie Lithium PO 3,7 # 4,5V\n\n# Autonomie de la batterie : env. 8h en fonctionnement et 24h en veille\n\n# Consommation : 630mW (360mW en veille)\n<\/p>\n","protected":false},"excerpt":{"rendered":"<p>Micro de conf\u00e9rence pr\u00e9sident sur batterie HPA SC-2288C<\/p>\n","protected":false},"featured_media":9169,"comment_status":"closed","ping_status":"closed","template":"","meta":[],"product_brand":[],"product_cat":[783,16],"product_tag":[475,74,406,786,785,133],"class_list":{"0":"post-9168","1":"product","2":"type-product","3":"status-publish","4":"has-post-thumbnail","6":"product_cat-amplifier","7":"product_cat-sonorizare-pa","8":"product_tag-100v","9":"product_tag-amplificatoare","10":"product_tag-boxe","11":"product_tag-conferinta","12":"product_tag-hpa","13":"product_tag-microfoane","15":"first","16":"instock","17":"purchasable","18":"product-type-simple"},"jetpack_sharing_enabled":true,"_links":{"self":[{"href":"https:\/\/quintett.eu\/index.php?rest_route=\/wp\/v2\/product\/9168","targetHints":{"allow":["GET"]}}],"collection":[{"href":"https:\/\/quintett.eu\/index.php?rest_route=\/wp\/v2\/product"}],"about":[{"href":"https:\/\/quintett.eu\/index.php?rest_route=\/wp\/v2\/types\/product"}],"replies":[{"embeddable":true,"href":"https:\/\/quintett.eu\/index.php?rest_route=%2Fwp%2Fv2%2Fcomments&post=9168"}],"wp:featuredmedia":[{"embeddable":true,"href":"https:\/\/quintett.eu\/index.php?rest_route=\/wp\/v2\/media\/9169"}],"wp:attachment":[{"href":"https:\/\/quintett.eu\/index.php?rest_route=%2Fwp%2Fv2%2Fmedia&parent=9168"}],"wp:term":[{"taxonomy":"product_brand","embeddable":true,"href":"https:\/\/quintett.eu\/index.php?rest_route=%2Fwp%2Fv2%2Fproduct_brand&post=9168"},{"taxonomy":"product_cat","embeddable":true,"href":"https:\/\/quintett.eu\/index.php?rest_route=%2Fwp%2Fv2%2Fproduct_cat&post=9168"},{"taxonomy":"product_tag","embeddable":true,"href":"https:\/\/quintett.eu\/index.php?rest_route=%2Fwp%2Fv2%2Fproduct_tag&post=9168"}],"curies":[{"name":"wp","href":"https:\/\/api.w.org\/{rel}","templated":true}]}}