{"id":9177,"date":"2023-05-15T17:10:05","date_gmt":"2023-05-15T15:10:05","guid":{"rendered":"https:\/\/quintett.eu\/?product=hpa-sc-2288cg8"},"modified":"2023-05-15T17:10:36","modified_gmt":"2023-05-15T15:10:36","slug":"hpa-sc-2288cg8","status":"publish","type":"product","link":"https:\/\/quintett.eu\/?product=hpa-sc-2288cg8","title":{"rendered":"HPA SC-2288CG8"},"content":{"rendered":"<p># Valise avec chargeur int\u00e9gr\u00e9<\/p>\n<p># Pour charger simultan\u00e9ment 8 batteries Lithium PO de SC#2288C\/D<\/p>\n<p># Circuit de charge intelligent<\/p>\n<p># Facile \u016f transporter, poign\u00e9e int\u00e9gr\u00e9e<\/p>\n<p># Dur\u00e9e de charge: environ 8 \u016f 10 heures<\/p>\n<p># Alimentation AC110#230V 50\/60Hz<\/p>\n<p># Fusible 10A<\/p>\n","protected":false},"excerpt":{"rendered":"<p>Chargeur de batterie en valise HPA SC-2288CG8.<\/p>\n","protected":false},"featured_media":9178,"comment_status":"closed","ping_status":"open","template":"","meta":[],"product_brand":[],"product_cat":[783,16],"product_tag":[475,74,406,786,785,133],"class_list":{"0":"post-9177","1":"product","2":"type-product","3":"status-publish","4":"has-post-thumbnail","6":"product_cat-amplifier","7":"product_cat-sonorizare-pa","8":"product_tag-100v","9":"product_tag-amplificatoare","10":"product_tag-boxe","11":"product_tag-conferinta","12":"product_tag-hpa","13":"product_tag-microfoane","15":"first","16":"instock","17":"purchasable","18":"product-type-simple"},"jetpack_sharing_enabled":true,"_links":{"self":[{"href":"https:\/\/quintett.eu\/index.php?rest_route=\/wp\/v2\/product\/9177","targetHints":{"allow":["GET"]}}],"collection":[{"href":"https:\/\/quintett.eu\/index.php?rest_route=\/wp\/v2\/product"}],"about":[{"href":"https:\/\/quintett.eu\/index.php?rest_route=\/wp\/v2\/types\/product"}],"replies":[{"embeddable":true,"href":"https:\/\/quintett.eu\/index.php?rest_route=%2Fwp%2Fv2%2Fcomments&post=9177"}],"wp:featuredmedia":[{"embeddable":true,"href":"https:\/\/quintett.eu\/index.php?rest_route=\/wp\/v2\/media\/9178"}],"wp:attachment":[{"href":"https:\/\/quintett.eu\/index.php?rest_route=%2Fwp%2Fv2%2Fmedia&parent=9177"}],"wp:term":[{"taxonomy":"product_brand","embeddable":true,"href":"https:\/\/quintett.eu\/index.php?rest_route=%2Fwp%2Fv2%2Fproduct_brand&post=9177"},{"taxonomy":"product_cat","embeddable":true,"href":"https:\/\/quintett.eu\/index.php?rest_route=%2Fwp%2Fv2%2Fproduct_cat&post=9177"},{"taxonomy":"product_tag","embeddable":true,"href":"https:\/\/quintett.eu\/index.php?rest_route=%2Fwp%2Fv2%2Fproduct_tag&post=9177"}],"curies":[{"name":"wp","href":"https:\/\/api.w.org\/{rel}","templated":true}]}}