{"id":9193,"date":"2023-05-15T17:10:05","date_gmt":"2023-05-15T15:10:05","guid":{"rendered":"https:\/\/quintett.eu\/?product=hpa-sc-2288fc8"},"modified":"2023-05-15T17:10:38","modified_gmt":"2023-05-15T15:10:38","slug":"hpa-sc-2288fc8","status":"publish","type":"product","link":"https:\/\/quintett.eu\/?product=hpa-sc-2288fc8","title":{"rendered":"HPA SC-2288FC8"},"content":{"rendered":"<p># Pour 8 micros pupitres SC#2288C et SC#2288D<\/p>\n<p># Aluminium <\/p>\n<p># Mousse d\u00e9coup\u00e9es int\u00e9gr\u00e9es<\/p>\n<p># Avec poign\u00e9e de transport<\/p>\n","protected":false},"excerpt":{"rendered":"<p>HPA SC-2288FC8. Valise en aluminium de transport pour 8 micros pupitres SC-2288C\/D<\/p>\n","protected":false},"featured_media":9194,"comment_status":"closed","ping_status":"open","template":"","meta":[],"product_brand":[],"product_cat":[783,16],"product_tag":[475,74,406,786,785,133],"class_list":{"0":"post-9193","1":"product","2":"type-product","3":"status-publish","4":"has-post-thumbnail","6":"product_cat-amplifier","7":"product_cat-sonorizare-pa","8":"product_tag-100v","9":"product_tag-amplificatoare","10":"product_tag-boxe","11":"product_tag-conferinta","12":"product_tag-hpa","13":"product_tag-microfoane","15":"first","16":"instock","17":"purchasable","18":"product-type-simple"},"jetpack_sharing_enabled":true,"_links":{"self":[{"href":"https:\/\/quintett.eu\/index.php?rest_route=\/wp\/v2\/product\/9193","targetHints":{"allow":["GET"]}}],"collection":[{"href":"https:\/\/quintett.eu\/index.php?rest_route=\/wp\/v2\/product"}],"about":[{"href":"https:\/\/quintett.eu\/index.php?rest_route=\/wp\/v2\/types\/product"}],"replies":[{"embeddable":true,"href":"https:\/\/quintett.eu\/index.php?rest_route=%2Fwp%2Fv2%2Fcomments&post=9193"}],"wp:featuredmedia":[{"embeddable":true,"href":"https:\/\/quintett.eu\/index.php?rest_route=\/wp\/v2\/media\/9194"}],"wp:attachment":[{"href":"https:\/\/quintett.eu\/index.php?rest_route=%2Fwp%2Fv2%2Fmedia&parent=9193"}],"wp:term":[{"taxonomy":"product_brand","embeddable":true,"href":"https:\/\/quintett.eu\/index.php?rest_route=%2Fwp%2Fv2%2Fproduct_brand&post=9193"},{"taxonomy":"product_cat","embeddable":true,"href":"https:\/\/quintett.eu\/index.php?rest_route=%2Fwp%2Fv2%2Fproduct_cat&post=9193"},{"taxonomy":"product_tag","embeddable":true,"href":"https:\/\/quintett.eu\/index.php?rest_route=%2Fwp%2Fv2%2Fproduct_tag&post=9193"}],"curies":[{"name":"wp","href":"https:\/\/api.w.org\/{rel}","templated":true}]}}