{"id":9230,"date":"2023-05-15T19:33:04","date_gmt":"2023-05-15T17:33:04","guid":{"rendered":"https:\/\/quintett.eu\/?post_type=product&#038;p=9230"},"modified":"2023-09-01T14:42:11","modified_gmt":"2023-09-01T12:42:11","slug":"hpa-sc-2288-pack","status":"publish","type":"product","link":"https:\/\/quintett.eu\/?product=hpa-sc-2288-pack","title":{"rendered":"Sistem conferin\u021b\u0103 wireless HPA &#8211; SC-2288 Pack"},"content":{"rendered":"<p>Caracteristici :<\/p>\n<p>Receptor<br \/>\nRecep\u021bie \u0219i transmisie UHF<br \/>\nFrecven\u021b\u0103 purt\u0103toare 610MHz &#8211; 659.75MHz<br \/>\nRaspuns in frecventa 50Hz &#8211; 15KHz<br \/>\nEcran LCD 160&#215;32 cu modula\u021bie FM<br \/>\nGestionarea a p\u00e2n\u0103 la 256 de microfoane Utilizarea simultan\u0103 a 5 microfoane (1 pre\u0219edinte + 4 delega\u021bi)<br \/>\nMod de vorbire: FIFO (1\/2\/3\/4), limitat (1\/2\/3\/4), doar difuzor Raza de ac\u021biune \u00een condi\u021bii normale p\u00e2n\u0103 la 60 de metri<br \/>\nSuport\u0103 urm\u0103rire automat\u0103 cu camer\u0103 (camera nu este inclus\u0103)<br \/>\nRaport semnal\/zgomot: &gt; 85 dB THD: &lt; 0,8%<br \/>\nIe\u0219ire audio pe muf\u0103 \u0219i XLR (echilibrat)<br \/>\nAlimentare cu rack de 19 inchi prin adaptor DC13,5V \/ 2A<\/p>\n","protected":false},"excerpt":{"rendered":"<p>Pachet complet de conferin\u021be format dintr-o baz\u0103 SC-2288R, o unitate de microfon SC-2288C pentru pre\u0219edinte, 8 unit\u0103\u021bi de microfon pentru delegat, o case de \u00eenc\u0103rcare SC-2288CG8 \u0219i un case de transport SC-2288FC8.<\/p>\n","protected":false},"featured_media":9231,"comment_status":"open","ping_status":"closed","template":"","meta":[],"product_brand":[],"product_cat":[783],"product_tag":[406,786,835,133,787,141],"class_list":{"0":"post-9230","1":"product","2":"type-product","3":"status-publish","4":"has-post-thumbnail","6":"product_cat-amplifier","7":"product_tag-boxe","8":"product_tag-conferinta","9":"product_tag-fara-fir","10":"product_tag-microfoane","11":"product_tag-sistem-de-conferinta","12":"product_tag-wireless","14":"first","15":"instock","16":"purchasable","17":"product-type-simple"},"jetpack_sharing_enabled":true,"_links":{"self":[{"href":"https:\/\/quintett.eu\/index.php?rest_route=\/wp\/v2\/product\/9230","targetHints":{"allow":["GET"]}}],"collection":[{"href":"https:\/\/quintett.eu\/index.php?rest_route=\/wp\/v2\/product"}],"about":[{"href":"https:\/\/quintett.eu\/index.php?rest_route=\/wp\/v2\/types\/product"}],"replies":[{"embeddable":true,"href":"https:\/\/quintett.eu\/index.php?rest_route=%2Fwp%2Fv2%2Fcomments&post=9230"}],"wp:featuredmedia":[{"embeddable":true,"href":"https:\/\/quintett.eu\/index.php?rest_route=\/wp\/v2\/media\/9231"}],"wp:attachment":[{"href":"https:\/\/quintett.eu\/index.php?rest_route=%2Fwp%2Fv2%2Fmedia&parent=9230"}],"wp:term":[{"taxonomy":"product_brand","embeddable":true,"href":"https:\/\/quintett.eu\/index.php?rest_route=%2Fwp%2Fv2%2Fproduct_brand&post=9230"},{"taxonomy":"product_cat","embeddable":true,"href":"https:\/\/quintett.eu\/index.php?rest_route=%2Fwp%2Fv2%2Fproduct_cat&post=9230"},{"taxonomy":"product_tag","embeddable":true,"href":"https:\/\/quintett.eu\/index.php?rest_route=%2Fwp%2Fv2%2Fproduct_tag&post=9230"}],"curies":[{"name":"wp","href":"https:\/\/api.w.org\/{rel}","templated":true}]}}