{"id":9251,"date":"2023-06-06T14:58:22","date_gmt":"2023-06-06T12:58:22","guid":{"rendered":"https:\/\/quintett.eu\/?post_type=product&#038;p=9251"},"modified":"2025-03-17T17:53:53","modified_gmt":"2025-03-17T15:53:53","slug":"studio-essential-bundle-austrian-audio-oc16-hi-x15-gratis","status":"publish","type":"product","link":"https:\/\/quintett.eu\/?product=studio-essential-bundle-austrian-audio-oc16-hi-x15-gratis","title":{"rendered":"Studio Essential bundle Austrian Audio OC16 + Hi-X15 GRATIS !!!"},"content":{"rendered":"<div class=\"text-original js-prod-text-original\">\n<p><strong>Specifica\u021bii tehnice OC16\u00a0<\/strong><\/p>\n<p>Capsul\u0103 ceramic\u0103 CKR<br \/>\nModel polar: cardioid<br \/>\nRaspuns in frecventa: 20 &#8211; 20.000 Hz<br \/>\nSensibilitate: 11 mV\/Pa<br \/>\nNivel de zgomot echivalent: 14 dB SPL (A)<br \/>\nNivel maxim de presiune sonor\u0103: 148 dB SPL<br \/>\nFiltru analog trece-\u00eenalt: 40 Hz, 160 Hz<br \/>\nImpedan\u021b\u0103: 275 Ohm (echilibrat)<br \/>\nNecesit\u0103 alimentare fantom de 48 V<br \/>\nDimensiuni: 157 x 66 x 34 mm<br \/>\nGreutate: 335 g<br \/>\nInclude microfon ,spider OCS6, 1x clem\u0103 pentru microfon OCH8 \u0219i 1x carcas\u0103 de transport MSC6<\/p>\n<p><strong>Specifica\u021bii tehnice <b>Hi-X15<\/b><\/strong><\/p>\n<ul>\n<li><span class=\"Y2IQFc\" lang=\"ro\" xml:lang=\"ro\">Gama de frecven\u021b\u0103: 12 Hz &#8211; 24 kHz<\/span><\/li>\n<li><span class=\"Y2IQFc\" lang=\"ro\" xml:lang=\"ro\">Sensibilitate: 113 dBspl \/ V<\/span><\/li>\n<li><span class=\"Y2IQFc\" lang=\"ro\" xml:lang=\"ro\">Impedan\u021b\u0103: 25 \u03a9<\/span><\/li>\n<li><span class=\"Y2IQFc\" lang=\"ro\" xml:lang=\"ro\">Putere de intrare: 150 mW<\/span><\/li>\n<li><span class=\"Y2IQFc\" lang=\"ro\" xml:lang=\"ro\">Cablu (deta\u0219abil): 1,4 m<\/span><\/li>\n<li><span class=\"Y2IQFc\" lang=\"ro\" xml:lang=\"ro\">Conector: 3,5 mm (1\/8 \u201d)<\/span><\/li>\n<li><span class=\"Y2IQFc\" lang=\"ro\" xml:lang=\"ro\">Adaptor (inclus): 3,5 p\u00e2n\u0103 la 6,3 mm (1\/8 \u201dp\u00e2n\u0103 la 1\/4\u201d)<\/span><\/li>\n<li><span class=\"Y2IQFc\" lang=\"ro\" xml:lang=\"ro\">Dimensiuni: 205 x 170 x 80 mm<\/span><\/li>\n<li><span class=\"Y2IQFc\" lang=\"ro\" xml:lang=\"ro\">Greutate (f\u0103r\u0103 cablu): 255 g<\/span><\/li>\n<\/ul>\n<\/div>\n","protected":false},"excerpt":{"rendered":"<p>Calitatea sunetului legendar\u0103 se \u00eent\u00e2lne\u0219te cu tehnologia de ultim\u0103 or\u0103 de neegalat atunci c\u00e2nd ridica\u021bi microfonul cu condensator cu diafragm\u0103 mare Austrian Audio OC16.<\/p>\n<p>Acest microfon robust \u0219i puternic combin\u0103 capsula patentat\u0103 CKR6 \u0219i abordarea de design \u201eOpen Acoustics\u201d de la Austrian Audio pentru a oferi un sunet absolut transparent \u0219i natural, care a fost foarte apreciat de pres\u0103.<\/p>\n<p>Fiecare capsul\u0103 CKR6 realizat\u0103 manual este testat\u0103 \u0219i m\u0103surat\u0103 \u00een interior \u00eenainte de a p\u0103r\u0103si fabrica din Viena, asigur\u00e2nd precizie \u0219i calitate superioar\u0103.<\/p>\n<p>OC16 func\u021bioneaz\u0103 cu o versatilitate impresionant\u0103, capt\u00e2nd sunet impecabil pe orice instrument &#8211; de la tobe la instrumente acustice, chitare electrice, piane, instrumente de suflat \u0219i coarde vocale, \u00eenregistr\u0103ri podcast, streaming live p\u00e2n\u0103 la aplica\u021bii de difuzare.<\/p>\n<p>Pentru inginerii de sunet, arti\u0219tii de \u00eenregistr\u0103ri, muzicieni, arti\u0219tii vocali \u0219i creatorii de con\u021binut care caut\u0103 sunet profesional \u0219i calitate remarcabil\u0103, nu c\u0103uta\u021bi mai departe dec\u00e2t microfonul condensator cu diafragm\u0103 mare Austrian Audio OC16.<\/p>\n","protected":false},"featured_media":9252,"comment_status":"open","ping_status":"closed","template":"","meta":[],"product_brand":[],"product_cat":[768,306],"product_tag":[307,765,789,788,762,759,662],"class_list":{"0":"post-9251","1":"product","2":"type-product","3":"status-publish","4":"has-post-thumbnail","6":"product_cat-20-years","7":"product_cat-austrian-audio","8":"product_tag-austrian-audio","9":"product_tag-austrian-audio-oc16","10":"product_tag-casti-audio","11":"product_tag-hi-15x","12":"product_tag-microfon-cardioid","13":"product_tag-microfon-condenser","14":"product_tag-oc16","16":"first","17":"outofstock","18":"purchasable","19":"product-type-simple"},"jetpack_sharing_enabled":true,"_links":{"self":[{"href":"https:\/\/quintett.eu\/index.php?rest_route=\/wp\/v2\/product\/9251","targetHints":{"allow":["GET"]}}],"collection":[{"href":"https:\/\/quintett.eu\/index.php?rest_route=\/wp\/v2\/product"}],"about":[{"href":"https:\/\/quintett.eu\/index.php?rest_route=\/wp\/v2\/types\/product"}],"replies":[{"embeddable":true,"href":"https:\/\/quintett.eu\/index.php?rest_route=%2Fwp%2Fv2%2Fcomments&post=9251"}],"wp:featuredmedia":[{"embeddable":true,"href":"https:\/\/quintett.eu\/index.php?rest_route=\/wp\/v2\/media\/9252"}],"wp:attachment":[{"href":"https:\/\/quintett.eu\/index.php?rest_route=%2Fwp%2Fv2%2Fmedia&parent=9251"}],"wp:term":[{"taxonomy":"product_brand","embeddable":true,"href":"https:\/\/quintett.eu\/index.php?rest_route=%2Fwp%2Fv2%2Fproduct_brand&post=9251"},{"taxonomy":"product_cat","embeddable":true,"href":"https:\/\/quintett.eu\/index.php?rest_route=%2Fwp%2Fv2%2Fproduct_cat&post=9251"},{"taxonomy":"product_tag","embeddable":true,"href":"https:\/\/quintett.eu\/index.php?rest_route=%2Fwp%2Fv2%2Fproduct_tag&post=9251"}],"curies":[{"name":"wp","href":"https:\/\/api.w.org\/{rel}","templated":true}]}}