{"id":926,"date":"2020-05-26T15:03:16","date_gmt":"2020-05-26T13:03:16","guid":{"rendered":"https:\/\/quintett.eu\/?post_type=product&#038;p=926"},"modified":"2026-01-01T00:02:11","modified_gmt":"2025-12-31T22:02:11","slug":"audio-technica-at2010","status":"publish","type":"product","link":"https:\/\/quintett.eu\/?product=audio-technica-at2010","title":{"rendered":"Audio Technica AT2010"},"content":{"rendered":"<table class=\"table table-striped\" width=\"100%\">\n<tbody>\n<tr>\n<td width=\"35%\"><strong>Element<\/strong><\/td>\n<td width=\"65%\">Condenser permanent polarizat cu back plate cu \u00eenc\u0103rc\u0103tur\u0103 fix\u0103<\/td>\n<\/tr>\n<tr>\n<td width=\"35%\"><strong>Figur\u0103 polar\u0103<\/strong><\/td>\n<td width=\"65%\">Cardioid<\/td>\n<\/tr>\n<tr>\n<td width=\"35%\"><strong>R\u0103spuns \u00een frecven\u021b\u0103<\/strong><\/td>\n<td width=\"65%\">40 &#8211; 20,000 Hz<\/td>\n<\/tr>\n<tr>\n<td width=\"35%\"><strong>Sensibilitatea \u00een circuit deschis<\/strong><\/td>\n<td width=\"65%\">-48 dB (3.9 mV) re 1V la 1 Pa<\/td>\n<\/tr>\n<tr>\n<td width=\"35%\"><strong>Impedan\u021ba<\/strong><\/td>\n<td width=\"65%\">100 ohmi<\/td>\n<\/tr>\n<tr>\n<td width=\"35%\"><strong>Nivelul maxim de presiune sonor\u0103<\/strong><\/td>\n<td width=\"65%\">136 dB SPL, 1 kHz la 1% T.H.D.<\/td>\n<\/tr>\n<tr>\n<td width=\"35%\"><strong>Gama dinamic\u0103<\/strong><\/td>\n<td width=\"65%\">113 dB, 1 kHz la Max SPL<\/td>\n<\/tr>\n<tr>\n<td width=\"35%\"><strong>Raport Semnal-Zgomot<\/strong><\/td>\n<td width=\"65%\">71 dB, 1 kHz la 1 Pa<\/td>\n<\/tr>\n<tr>\n<td width=\"35%\"><strong>Necesar Phantom Power<\/strong><\/td>\n<td width=\"65%\">48V DC, 2 mA tipic<\/td>\n<\/tr>\n<tr>\n<td width=\"35%\"><strong>Greutate<\/strong><\/td>\n<td width=\"65%\">233 g<\/td>\n<\/tr>\n<tr>\n<td width=\"35%\"><strong>Dimensiuni<\/strong><\/td>\n<td width=\"65%\">179.1 mm (7.05&#8243;) lungime, 50.8 mm (2.00&#8243;) diametrul maxim al corpului<\/td>\n<\/tr>\n<tr>\n<td width=\"35%\"><strong>Conector de ie\u0219ire<\/strong><\/td>\n<td width=\"65%\">Tip XLRM cu 3 pini, integrat<\/td>\n<\/tr>\n<tr>\n<td width=\"35%\"><strong>Accesorii incluse<\/strong><\/td>\n<td width=\"65%\">Clema AT8470 Quiet-Flex\u2122 pentru stativele cu filet de 5\/8&#8243;-27; adaptor de la 5\/8&#8243;-27 la 3\/8&#8243;-16; hus\u0103 moale de protec\u021bie<\/td>\n<\/tr>\n<\/tbody>\n<\/table>\n","protected":false},"excerpt":{"rendered":"<h2>AT2010<\/h2>\n<h3>Microfon cardioid condenser vocal<\/h3>\n<p>AT2010 este un microfon condenser handheld cu o figur\u0103 polar\u0103 cardioid\u0103. Este creat special pentru captarea vocal\u0103 de proximitate \u0219i pentru folosirea \u00een medii profesionale de scen\u0103 \u0219i studio.<\/p>\n<p>Modelul AT2010 aduce calitatea impecabil\u0103 de studio \u0219i inteligibilitatea specifice renumitei Serii 20 de la Audio-Technica pe scen\u0103, permi\u021b\u00e2nd performan\u021be vocale de o claritate perfect\u0103. Diafragma u\u0219oar\u0103 de 16 mm reg\u0103sit\u0103 \u0219i \u00een celebrul condenser de studio AT2020, AT2010 exceleaz\u0103 acolo unde este nevoie de preluare vocal\u0103 cristalin\u0103: \u00een l\u0103ca\u0219e de cult, la concerte, la recitaluri vocale de jazz, spectacole ale cantautorilor etc..<\/p>\n","protected":false},"featured_media":13156,"comment_status":"open","ping_status":"closed","template":"","meta":[],"product_brand":[],"product_cat":[60,1472],"product_tag":[120,118,115,121],"class_list":{"0":"post-926","1":"product","2":"type-product","3":"status-publish","4":"has-post-thumbnail","6":"product_cat-microfoane","7":"product_cat-black-friday-najlepsie-ceny","8":"product_tag-at2010","9":"product_tag-audio-technica","10":"product_tag-microfon","11":"product_tag-microfon-de-voce","13":"first","14":"instock","15":"purchasable","16":"product-type-simple"},"jetpack_sharing_enabled":true,"_links":{"self":[{"href":"https:\/\/quintett.eu\/index.php?rest_route=\/wp\/v2\/product\/926","targetHints":{"allow":["GET"]}}],"collection":[{"href":"https:\/\/quintett.eu\/index.php?rest_route=\/wp\/v2\/product"}],"about":[{"href":"https:\/\/quintett.eu\/index.php?rest_route=\/wp\/v2\/types\/product"}],"replies":[{"embeddable":true,"href":"https:\/\/quintett.eu\/index.php?rest_route=%2Fwp%2Fv2%2Fcomments&post=926"}],"wp:featuredmedia":[{"embeddable":true,"href":"https:\/\/quintett.eu\/index.php?rest_route=\/wp\/v2\/media\/13156"}],"wp:attachment":[{"href":"https:\/\/quintett.eu\/index.php?rest_route=%2Fwp%2Fv2%2Fmedia&parent=926"}],"wp:term":[{"taxonomy":"product_brand","embeddable":true,"href":"https:\/\/quintett.eu\/index.php?rest_route=%2Fwp%2Fv2%2Fproduct_brand&post=926"},{"taxonomy":"product_cat","embeddable":true,"href":"https:\/\/quintett.eu\/index.php?rest_route=%2Fwp%2Fv2%2Fproduct_cat&post=926"},{"taxonomy":"product_tag","embeddable":true,"href":"https:\/\/quintett.eu\/index.php?rest_route=%2Fwp%2Fv2%2Fproduct_tag&post=926"}],"curies":[{"name":"wp","href":"https:\/\/api.w.org\/{rel}","templated":true}]}}