{"id":9299,"date":"2023-08-03T18:47:24","date_gmt":"2023-08-03T16:47:24","guid":{"rendered":"https:\/\/quintett.eu\/?post_type=product&#038;p=9299"},"modified":"2024-07-12T14:11:47","modified_gmt":"2024-07-12T12:11:47","slug":"pls-profesional-beam-r7-230w","status":"publish","type":"product","link":"https:\/\/quintett.eu\/?product=pls-profesional-beam-r7-230w","title":{"rendered":"PLS PROFESIONAL ST-230B  SHARPY R7 &#8211; 230W"},"content":{"rendered":"<p>SPECIFICA\u021aII:<br \/>\nSursa de lumina: OSRAM SIRIUS HRI 7R 230W<br \/>\nDurata de viata: 2.000 h<br \/>\nZoom electronic Interval: 2,5\u00b0 Temperatura culorii: 7800K<br \/>\nCRI:80Ra<br \/>\nDimmer: variator electronic liniar 0-100%.<br \/>\nStrobe: Stroboscop lent: 1 bli\u021b\/sec<br \/>\nStrobe rapid: 25 flash\/sec<br \/>\nRoata de culori: 14 culori + deschis, rotatie cu directie variabila si<br \/>\nvitez\u0103<br \/>\nRoata gobo: 17 gobo + deschis<br \/>\nEfect declan\u0219ator electronic: efect stroboscopic, efecte puls, deschidere instantanee<br \/>\n\u0219i blackout<br \/>\nPrism\u0103: 8-fa\u021bete circulare+16-fa\u021bete circulare<br \/>\nFocalizare: control motorizat, grosier \u0219i fin pe 16 bi\u021bi<br \/>\nMiscare Pan: 540\u00b0 \u00a0Mi\u0219care Tilt: 270\u00b0 .Vitez\u0103 de pan \u0219i tilt: Ajustabil\u0103 prin intermediul integrat<br \/>\npanou de control \u0219i DMX<br \/>\nDimming: 0-100%, control grosier \u0219i fin Frost<br \/>\nCanale DMX: 16CH\/20CH<br \/>\nModuri de func\u021bionare: DMX, Master\/Slave, automat \u0219i sunet\/activ<\/p>\n","protected":false},"excerpt":{"rendered":"<p>SHARPY BEAM 230W este un cap mobil\u00a0cu sursa de lumina OSRAM SIRIUS HRI 230W. Aceasta este o surs\u0103 de lumin\u0103 cu<br \/>\nflux de 8900 lumen, \u00a0temperatur\u0103 de culoare de 7800k,\u00a0\u0219i un indice de redare a culorii de p\u00e2n\u0103 la 80Ra. \u00a0Func\u021bii :17 Gobo, 14 culori \u0219i 8<br \/>\nEfect de prism\u0103, efect de frost. Designul lentilelor optice\u00a0adopt\u0103 sistemul \u00a0K9.\u00a0Unghiul de proiec\u021bie este de 3,8 grade.<br \/>\nProiec\u021bia la distan\u021b\u0103 lung\u0103 este mai clar\u0103. Este un\u00a0produs potrivit pentru afacerile de \u00eenchiriere \u0219i\u00a0proiecte de instalare.<\/p>\n","protected":false},"featured_media":9300,"comment_status":"open","ping_status":"closed","template":"","meta":[],"product_brand":[],"product_cat":[798,42],"product_tag":[504,796,797,501,190,795,505,834],"class_list":{"0":"post-9299","1":"product","2":"type-product","3":"status-publish","4":"has-post-thumbnail","6":"product_cat-pls","7":"product_cat-promotii","8":"product_tag-7r","9":"product_tag-beam-230w","10":"product_tag-beam-r7","11":"product_tag-lumini-inteligente","12":"product_tag-moving-head","13":"product_tag-moving-head-230w","14":"product_tag-moving-head-7r","15":"product_tag-sharpy-7r","17":"first","18":"instock","19":"purchasable","20":"product-type-simple"},"jetpack_sharing_enabled":true,"_links":{"self":[{"href":"https:\/\/quintett.eu\/index.php?rest_route=\/wp\/v2\/product\/9299","targetHints":{"allow":["GET"]}}],"collection":[{"href":"https:\/\/quintett.eu\/index.php?rest_route=\/wp\/v2\/product"}],"about":[{"href":"https:\/\/quintett.eu\/index.php?rest_route=\/wp\/v2\/types\/product"}],"replies":[{"embeddable":true,"href":"https:\/\/quintett.eu\/index.php?rest_route=%2Fwp%2Fv2%2Fcomments&post=9299"}],"wp:featuredmedia":[{"embeddable":true,"href":"https:\/\/quintett.eu\/index.php?rest_route=\/wp\/v2\/media\/9300"}],"wp:attachment":[{"href":"https:\/\/quintett.eu\/index.php?rest_route=%2Fwp%2Fv2%2Fmedia&parent=9299"}],"wp:term":[{"taxonomy":"product_brand","embeddable":true,"href":"https:\/\/quintett.eu\/index.php?rest_route=%2Fwp%2Fv2%2Fproduct_brand&post=9299"},{"taxonomy":"product_cat","embeddable":true,"href":"https:\/\/quintett.eu\/index.php?rest_route=%2Fwp%2Fv2%2Fproduct_cat&post=9299"},{"taxonomy":"product_tag","embeddable":true,"href":"https:\/\/quintett.eu\/index.php?rest_route=%2Fwp%2Fv2%2Fproduct_tag&post=9299"}],"curies":[{"name":"wp","href":"https:\/\/api.w.org\/{rel}","templated":true}]}}