{"id":9304,"date":"2023-08-03T19:52:55","date_gmt":"2023-08-03T17:52:55","guid":{"rendered":"https:\/\/quintett.eu\/?post_type=product&#038;p=9304"},"modified":"2025-06-27T09:24:42","modified_gmt":"2025-06-27T07:24:42","slug":"pls-profesional-st-1912-mac-aura","status":"publish","type":"product","link":"https:\/\/quintett.eu\/?product=pls-profesional-st-1912-mac-aura","title":{"rendered":"PLS PROFESIONAL ST-1912 MAC AURA"},"content":{"rendered":"<p>Parametri tehnici :<br \/>\nPutere: 300W<br \/>\nTensiune: 100-240V\/50-60Hz<br \/>\nSurs\u0103 de lumin\u0103: 19*15W LED patru \u00een unu de mare putere (ro\u0219u: verde, albastru, alb)<br \/>\nDurata de viata a sursei de lumina: 100000h<br \/>\nTemperatura de culoare: 2700-8000K reglabila<br \/>\nFocalizare: 10-60 grade<br \/>\nCulori : ro\u0219u, verde, albastru, alb, culori bogate amestecate<br \/>\nStrobe: moduri multiple de stroboscop, de 32 de ori\/sec<br \/>\nMod de afi\u0219are: afi\u0219aj LCD<br \/>\nCanal DMX 16\/24 canale<br \/>\nNivel de reglare: 0-100% sistem de reglare liniar\u0103 perfect\u0103<br \/>\nAxa XY: 540 \u00b0 \/ 270 \u00b0, pozi\u021bionare precis\u0103 automat\u0103<br \/>\nCulori \u00a0+ focalizare, func\u021bie dou\u0103 \u00een unu<br \/>\nClasament de impermeabilitate: IP20, pentru utilizare \u00een interior<br \/>\nMod de lucru: modul DMX512, modul autopropulsat, modul activat vocal \u0219i modul master-slave<br \/>\nDimensiune ambalaj: 480 x 315 \u00d7 395 (1 set \/ pachet)<br \/>\nGreutate neta: 10 kg<br \/>\nGreutate bruta: 12 kg<\/p>\n","protected":false},"excerpt":{"rendered":"<p>Cap mobil Led WASH RGBW cu ZOOM, 10\u00b0-60\u00b0 300W \u0219i 19x15W LED-uri color. Mod func\u021bionare : Auto, Muzic\u0103 prin microfon \u00eencorporat, Master\/ Slave DMX512:16 sau 24 de canale. Dimmer, Strobe 1-25\/s, 3xRGBW Led parti\u021bii, Beam, Wash. Meniu LCD la bord pentru set\u0103ri. Alimentare: 90-240AC 50\/60Hz, 250W. Greutate: 9,2 kg. Dimensiune: 42x24x51cm.<\/p>\n","protected":false},"featured_media":9306,"comment_status":"open","ping_status":"closed","template":"","meta":[],"product_brand":[],"product_cat":[798,42],"product_tag":[501,801,515,800,799],"class_list":{"0":"post-9304","1":"product","2":"type-product","3":"status-publish","4":"has-post-thumbnail","6":"product_cat-pls","7":"product_cat-promotii","8":"product_tag-lumini-inteligente","9":"product_tag-pls-st-1912b","10":"product_tag-wash-19x15","11":"product_tag-wash-aura-19x15","12":"product_tag-wash-led","14":"first","15":"instock","16":"purchasable","17":"product-type-simple"},"jetpack_sharing_enabled":true,"_links":{"self":[{"href":"https:\/\/quintett.eu\/index.php?rest_route=\/wp\/v2\/product\/9304","targetHints":{"allow":["GET"]}}],"collection":[{"href":"https:\/\/quintett.eu\/index.php?rest_route=\/wp\/v2\/product"}],"about":[{"href":"https:\/\/quintett.eu\/index.php?rest_route=\/wp\/v2\/types\/product"}],"replies":[{"embeddable":true,"href":"https:\/\/quintett.eu\/index.php?rest_route=%2Fwp%2Fv2%2Fcomments&post=9304"}],"wp:featuredmedia":[{"embeddable":true,"href":"https:\/\/quintett.eu\/index.php?rest_route=\/wp\/v2\/media\/9306"}],"wp:attachment":[{"href":"https:\/\/quintett.eu\/index.php?rest_route=%2Fwp%2Fv2%2Fmedia&parent=9304"}],"wp:term":[{"taxonomy":"product_brand","embeddable":true,"href":"https:\/\/quintett.eu\/index.php?rest_route=%2Fwp%2Fv2%2Fproduct_brand&post=9304"},{"taxonomy":"product_cat","embeddable":true,"href":"https:\/\/quintett.eu\/index.php?rest_route=%2Fwp%2Fv2%2Fproduct_cat&post=9304"},{"taxonomy":"product_tag","embeddable":true,"href":"https:\/\/quintett.eu\/index.php?rest_route=%2Fwp%2Fv2%2Fproduct_tag&post=9304"}],"curies":[{"name":"wp","href":"https:\/\/api.w.org\/{rel}","templated":true}]}}