{"id":932,"date":"2020-05-26T15:10:12","date_gmt":"2020-05-26T13:10:12","guid":{"rendered":"https:\/\/quintett.eu\/?post_type=product&#038;p=932"},"modified":"2026-01-01T00:02:11","modified_gmt":"2025-12-31T22:02:11","slug":"audio-technica-at2035","status":"publish","type":"product","link":"https:\/\/quintett.eu\/?product=audio-technica-at2035","title":{"rendered":"Audio Technica AT2035"},"content":{"rendered":"<table class=\"table table-striped\" width=\"100%\">\n<tbody>\n<tr>\n<td width=\"35%\"><strong>Element<\/strong><\/td>\n<td width=\"65%\">Back plate cu \u00eenc\u0103rc\u0103tur\u0103 fix\u0103, permanent polarizat<\/td>\n<\/tr>\n<tr>\n<td width=\"35%\"><strong>Figur\u0103 polar\u0103<\/strong><\/td>\n<td width=\"65%\">Cardioid<\/td>\n<\/tr>\n<tr>\n<td width=\"35%\"><strong>R\u0103spuns \u00een frecven\u021b\u0103<\/strong><\/td>\n<td width=\"65%\">20 &#8211; 20,000 Hz<\/td>\n<\/tr>\n<tr>\n<td width=\"35%\"><strong>Sensibilitatea \u00een circuit deschis<\/strong><\/td>\n<td width=\"65%\">-33 dB (22.4 mV) re 1V la 1 Pa<\/td>\n<\/tr>\n<tr>\n<td width=\"35%\"><strong>Impedan\u021ba<\/strong><\/td>\n<td width=\"65%\">120 ohmi<\/td>\n<\/tr>\n<tr>\n<td width=\"35%\"><strong>Nivelul maxim de presiune sonor\u0103<\/strong><\/td>\n<td width=\"65%\">148 dB SPL, 1 kHz la 1% T.H.D.; 158 dB SPL, cu pad de 10 dB (nominal)<\/td>\n<\/tr>\n<tr>\n<td width=\"35%\"><strong>Filtru trece-sus<\/strong><\/td>\n<td width=\"65%\">80 Hz, 12 dB\/octav\u0103<\/td>\n<\/tr>\n<tr>\n<td width=\"35%\"><strong>Gama dinamic\u0103<\/strong><\/td>\n<td width=\"65%\">136 dB, 1 kHz la Max SPL<\/td>\n<\/tr>\n<tr>\n<td width=\"35%\"><strong>Raport Semnal-Zgomot<\/strong><\/td>\n<td width=\"65%\">82 dB, 1 kHz la 1 Pa<\/td>\n<\/tr>\n<tr>\n<td width=\"35%\"><strong>Necesar Phantom Power<\/strong><\/td>\n<td width=\"65%\">11-52V DC, 3.8 mA tipic<\/td>\n<\/tr>\n<tr>\n<td width=\"35%\"><strong>Greutate<\/strong><\/td>\n<td width=\"65%\">403 g<\/td>\n<\/tr>\n<tr>\n<td width=\"35%\"><strong>Dimensiuni<\/strong><\/td>\n<td width=\"65%\">170.0 mm (6.69&#8243;) lungime, 52.0 mm (2.05&#8243;) diametrul maxim al corpului<\/td>\n<\/tr>\n<tr>\n<td width=\"35%\"><strong>Conector de ie\u0219ire<\/strong><\/td>\n<td width=\"65%\">Integrat, tip XLRM cu 3 pini<\/td>\n<\/tr>\n<tr>\n<td width=\"35%\"><strong>Accesorii incluse<\/strong><\/td>\n<td width=\"65%\">Shock mount AT8458 pentru stativele cu filet de 5\/8&#8243;-27; adaptor de la 5\/8&#8243;-27 la 3\/8&#8243;-16; hus\u0103 moale de protec\u021bie<\/td>\n<\/tr>\n<\/tbody>\n<\/table>\n","protected":false},"excerpt":{"rendered":"<h2>AT2035<\/h2>\n<h3>Microfon cardioid condenser<\/h3>\n<p>Creat pentru proiecte de studio\/home studio, aplica\u021bii profesionale \u0219i concerte, acest cardioid condenser\u00a0side-address are performan\u021be extraordinare \u0219i un zgomot extrem de redus. Dotat cu un filtru high-pass comutabil la 80 Hz \u0219i pad de 10 dB, AT2035 suport\u0103 cu u\u0219urin\u021b\u0103 niveluri de presiune sonor\u0103 foarte ridicate. Pe l\u00e2ng\u0103 construc\u021bia sa robust\u0103 \u0219i specifica\u021biile de \u00eenalt\u0103 performan\u021b\u0103, AT2035 ofer\u0103 un nivel excep\u021bional de consecven\u021b\u0103 de la un exemplar la altul. Vine echipat cu o hus\u0103 de protec\u021bie \u0219i un shock mount special.<\/p>\n<ul>\n<li>Diafragm\u0103 mare pentru sunet fin, natural \u0219i zgomot propriu redus<\/li>\n<li>Capacitatea SPL foarte ridicat\u0103 \u0219i gama dinamic\u0103 larg\u0103 permit o adaptabilitate greu de egalat<\/li>\n<li>Shock mount-ul custom ofer\u0103 izola\u021bie superioar\u0103<\/li>\n<li>Filtru high-pass comutabil la 80 Hz \u0219i pad de 10 dB<\/li>\n<li>Figura polar\u0103 cardioid\u0103 reduce preluarea sunetelor din laterale \u0219i spate, \u00eembun\u0103t\u0103\u021bind izolarea sursei de sunet dorite<\/li>\n<li>Include shock mount custom \u0219i hus\u0103 de protec\u021bie<\/li>\n<\/ul>\n","protected":false},"featured_media":13238,"comment_status":"open","ping_status":"closed","template":"","meta":[],"product_brand":[],"product_cat":[60,1472],"product_tag":[122,118,117],"class_list":{"0":"post-932","1":"product","2":"type-product","3":"status-publish","4":"has-post-thumbnail","6":"product_cat-microfoane","7":"product_cat-black-friday-najlepsie-ceny","8":"product_tag-at2035","9":"product_tag-audio-technica","10":"product_tag-microfon-de-studio","12":"first","13":"instock","14":"purchasable","15":"product-type-simple"},"jetpack_sharing_enabled":true,"_links":{"self":[{"href":"https:\/\/quintett.eu\/index.php?rest_route=\/wp\/v2\/product\/932","targetHints":{"allow":["GET"]}}],"collection":[{"href":"https:\/\/quintett.eu\/index.php?rest_route=\/wp\/v2\/product"}],"about":[{"href":"https:\/\/quintett.eu\/index.php?rest_route=\/wp\/v2\/types\/product"}],"replies":[{"embeddable":true,"href":"https:\/\/quintett.eu\/index.php?rest_route=%2Fwp%2Fv2%2Fcomments&post=932"}],"wp:featuredmedia":[{"embeddable":true,"href":"https:\/\/quintett.eu\/index.php?rest_route=\/wp\/v2\/media\/13238"}],"wp:attachment":[{"href":"https:\/\/quintett.eu\/index.php?rest_route=%2Fwp%2Fv2%2Fmedia&parent=932"}],"wp:term":[{"taxonomy":"product_brand","embeddable":true,"href":"https:\/\/quintett.eu\/index.php?rest_route=%2Fwp%2Fv2%2Fproduct_brand&post=932"},{"taxonomy":"product_cat","embeddable":true,"href":"https:\/\/quintett.eu\/index.php?rest_route=%2Fwp%2Fv2%2Fproduct_cat&post=932"},{"taxonomy":"product_tag","embeddable":true,"href":"https:\/\/quintett.eu\/index.php?rest_route=%2Fwp%2Fv2%2Fproduct_tag&post=932"}],"curies":[{"name":"wp","href":"https:\/\/api.w.org\/{rel}","templated":true}]}}