{"id":9355,"date":"2023-08-04T15:50:43","date_gmt":"2023-08-04T13:50:43","guid":{"rendered":"https:\/\/quintett.eu\/?post_type=product&#038;p=9355"},"modified":"2025-11-11T00:00:17","modified_gmt":"2025-11-10T22:00:17","slug":"mac-mah-mac-wash-740z","status":"publish","type":"product","link":"https:\/\/quintett.eu\/?product=mac-mah-mac-wash-740z","title":{"rendered":"Mac Mah &#8211; Mac Wash 740Z"},"content":{"rendered":"<p>Caracteristici:<br \/>\nMac Mah Mac Wash 740Z<br \/>\nCap mobil de tip LED cu Zoom<br \/>\n7 LED-uri RGBW de 40 W (4-\u00een-1)<br \/>\n17 sau 45 de canale DMX<br \/>\nMi\u0219c\u0103ri PAN 540\u00b0 \u0219i TILT 270\u00b0<br \/>\nRezolu\u021bie precis\u0103 \u0219i flexibil\u0103 de 16 bi\u021bi a mi\u0219c\u0103rii PAN\/TILT<br \/>\nUnghi de zoom 360\u00b0<br \/>\nIluminare: 16000 Lux 5m (3\u00b0) \/ 550 Lux 5m (60\u00b0)<br \/>\nDimmare culori- ro\u0219ii, verzi, albastre \u0219i albe separate de la 0-100%<br \/>\nSistem de amestecare a culorilor RGBW<br \/>\nControl LED PIXEL<br \/>\n2800 8500K CTO variabil<br \/>\nEfect curcubeu (curcubeu), efecte macro, efect stroboscopic cu 25 de flash-uri pe secund\u0103 \u0219i efect puls<br \/>\nFunc\u021bioneaz\u0103 \u00een DMX512, master-slave, automat \u0219i muzical ecran LCD cu iluminare de fundal<br \/>\nDurata de via\u021b\u0103 a LED-ului: 50.000 de ore<br \/>\nAlimentare: AC100-240Vac 60\/50Hz prin conector PowerCON cu iesire<br \/>\nFixare prin omega (inclus)<br \/>\nConsum de energie: 350W<br \/>\nGreutate net\u0103 \/ brut\u0103: 6 kg \/ 7,5 kg<\/p>\n","protected":false},"excerpt":{"rendered":"<p>Mac Mah Mac Wash 740Z este alegerea potrivit\u0103 pentru profesioni\u0219tii \u00een iluminat care caut\u0103 un cap mobil LED RGBW de mare putere, versatil \u0219i de \u00eenalt\u0103 performan\u021b\u0103. Cu caracteristicile sale avansate precum LED-urile, mi\u0219c\u0103rile precise PAN\/TILT, unghiul de zoom reglabil \u0219i numeroasele efecte disponibile, acest cap mobil cu LED ofer\u0103 o gam\u0103 larg\u0103 de aplica\u021bii pentru spectacole, evenimente \u0219i instala\u021bii . Bucura\u021bi-v\u0103 de luminozitate excep\u021bional\u0103, control precis \u0219i durabilitate remarcabil\u0103 cu Mac Mah Mac Wash 740Z!<\/p>\n","protected":false},"featured_media":13347,"comment_status":"open","ping_status":"closed","template":"","meta":[],"product_brand":[],"product_cat":[1472,496],"product_tag":[816,501,190,818,817],"class_list":{"0":"post-9355","1":"product","2":"type-product","3":"status-publish","4":"has-post-thumbnail","6":"product_cat-black-friday-najlepsie-ceny","7":"product_cat-msc-lumini-si-scene","8":"product_tag-cap-mobil-led","9":"product_tag-lumini-inteligente","10":"product_tag-moving-head","11":"product_tag-wash-7x40w","12":"product_tag-wash-rgbw","14":"first","15":"instock","16":"purchasable","17":"product-type-simple"},"jetpack_sharing_enabled":true,"_links":{"self":[{"href":"https:\/\/quintett.eu\/index.php?rest_route=\/wp\/v2\/product\/9355","targetHints":{"allow":["GET"]}}],"collection":[{"href":"https:\/\/quintett.eu\/index.php?rest_route=\/wp\/v2\/product"}],"about":[{"href":"https:\/\/quintett.eu\/index.php?rest_route=\/wp\/v2\/types\/product"}],"replies":[{"embeddable":true,"href":"https:\/\/quintett.eu\/index.php?rest_route=%2Fwp%2Fv2%2Fcomments&post=9355"}],"wp:featuredmedia":[{"embeddable":true,"href":"https:\/\/quintett.eu\/index.php?rest_route=\/wp\/v2\/media\/13347"}],"wp:attachment":[{"href":"https:\/\/quintett.eu\/index.php?rest_route=%2Fwp%2Fv2%2Fmedia&parent=9355"}],"wp:term":[{"taxonomy":"product_brand","embeddable":true,"href":"https:\/\/quintett.eu\/index.php?rest_route=%2Fwp%2Fv2%2Fproduct_brand&post=9355"},{"taxonomy":"product_cat","embeddable":true,"href":"https:\/\/quintett.eu\/index.php?rest_route=%2Fwp%2Fv2%2Fproduct_cat&post=9355"},{"taxonomy":"product_tag","embeddable":true,"href":"https:\/\/quintett.eu\/index.php?rest_route=%2Fwp%2Fv2%2Fproduct_tag&post=9355"}],"curies":[{"name":"wp","href":"https:\/\/api.w.org\/{rel}","templated":true}]}}