{"id":9387,"date":"2023-08-04T17:07:03","date_gmt":"2023-08-04T15:07:03","guid":{"rendered":"https:\/\/quintett.eu\/?post_type=product&#038;p=9387"},"modified":"2023-08-07T08:42:35","modified_gmt":"2023-08-07T06:42:35","slug":"pls-pro-730-retro-rgbw-st-73b","status":"publish","type":"product","link":"https:\/\/quintett.eu\/?product=pls-pro-730-retro-rgbw-st-73b","title":{"rendered":"PLS PRO 730 Retro RGBW -ST-73B"},"content":{"rendered":"<p>Specifica\u021bii:<\/p>\n<p>Sursa LED 7x30W Alb Cald +<br \/>\nLED-uri RGB 168*0,5W<br \/>\nUnghiul fasciculului 80 de grade<br \/>\nPixel Control Individual<br \/>\nPutere AC 90-240V,50\/60Hz<br \/>\nConsum maxim de energie 500 W<br \/>\nCanal DMX 4\/16\/\/12\/28\/40CH<br \/>\nGrad de protec\u021bie IP20<br \/>\nAfi\u0219are Afi\u0219aj LED tactil<br \/>\nDimensiune produs 86x96x20CM<br \/>\nDimensiune cutie 103x98x29CM<br \/>\nGreutate neta 12,5 kg<\/p>\n","protected":false},"excerpt":{"rendered":"<p>RETRO 7*30W este \u00a0lamp\u0103 retro care este frumoas\u0103 \u0219i \u00a0perfect\u0103 \u00een fiecare detaliu . Poate fi folosit ca parte a peisajului, dar \u0219i ca surs\u0103 de lumin\u0103 puternic\u0103. Are 7 canale DMX, dimmere incorporate si kit electronic. Are 7 l\u0103mpi cu halogen de 30 W, conectori XLR cu 5 pini, afi\u0219aj cu iluminare de fundal \u00eencorporat\u0103 \u0219i poate fi instalat\u0103 cu u\u0219urin\u021b\u0103 pe un trepied sau ag\u0103\u021bat\u0103 de o clem\u0103.<\/p>\n","protected":false},"featured_media":9388,"comment_status":"open","ping_status":"closed","template":"","meta":[],"product_brand":[],"product_cat":[798,42],"product_tag":[822,823,831,821],"class_list":{"0":"post-9387","1":"product","2":"type-product","3":"status-publish","4":"has-post-thumbnail","6":"product_cat-pls","7":"product_cat-promotii","8":"product_tag-led-7x30","9":"product_tag-pls-pro","10":"product_tag-portman-p1","11":"product_tag-retro","13":"first","14":"instock","15":"purchasable","16":"product-type-simple"},"jetpack_sharing_enabled":true,"_links":{"self":[{"href":"https:\/\/quintett.eu\/index.php?rest_route=\/wp\/v2\/product\/9387","targetHints":{"allow":["GET"]}}],"collection":[{"href":"https:\/\/quintett.eu\/index.php?rest_route=\/wp\/v2\/product"}],"about":[{"href":"https:\/\/quintett.eu\/index.php?rest_route=\/wp\/v2\/types\/product"}],"replies":[{"embeddable":true,"href":"https:\/\/quintett.eu\/index.php?rest_route=%2Fwp%2Fv2%2Fcomments&post=9387"}],"wp:featuredmedia":[{"embeddable":true,"href":"https:\/\/quintett.eu\/index.php?rest_route=\/wp\/v2\/media\/9388"}],"wp:attachment":[{"href":"https:\/\/quintett.eu\/index.php?rest_route=%2Fwp%2Fv2%2Fmedia&parent=9387"}],"wp:term":[{"taxonomy":"product_brand","embeddable":true,"href":"https:\/\/quintett.eu\/index.php?rest_route=%2Fwp%2Fv2%2Fproduct_brand&post=9387"},{"taxonomy":"product_cat","embeddable":true,"href":"https:\/\/quintett.eu\/index.php?rest_route=%2Fwp%2Fv2%2Fproduct_cat&post=9387"},{"taxonomy":"product_tag","embeddable":true,"href":"https:\/\/quintett.eu\/index.php?rest_route=%2Fwp%2Fv2%2Fproduct_tag&post=9387"}],"curies":[{"name":"wp","href":"https:\/\/api.w.org\/{rel}","templated":true}]}}