{"id":9389,"date":"2023-08-04T17:19:26","date_gmt":"2023-08-04T15:19:26","guid":{"rendered":"https:\/\/quintett.eu\/?post_type=product&#038;p=9389"},"modified":"2023-08-07T08:46:24","modified_gmt":"2023-08-07T06:46:24","slug":"pls-pro-4-cob-blinder-ip67","status":"publish","type":"product","link":"https:\/\/quintett.eu\/?product=pls-pro-4-cob-blinder-ip67","title":{"rendered":"PLS PRO 4 COB Blinder IP67"},"content":{"rendered":"<p>Specifica\u021bii:<\/p>\n<p>SURS\u0102 DE LUMIN\u0102<br \/>\n4*100W BLINDER COB Sursa de lumina: 4buc x100W COB<br \/>\nLED-uri, temperatura de culoare 3200K<br \/>\nDurata de via\u021b\u0103: &gt; 50.000 h<br \/>\nSISTEM OPTIC<br \/>\nLentila: 30\u00b0 \/ 60\u00b0<br \/>\nCARACTERISTICI<br \/>\nCarcas\u0103: material turnat sub presiune din aluminiu<br \/>\nfiecare unghi de rotire a capului reglabil manual 0-24\u00b0<br \/>\nStructura: disponibil pentru vertical\/orizontal<br \/>\n\u00eembinare<br \/>\nConectori XLR cu 3 sau 5 pini<br \/>\nELECTRIC<br \/>\nAC: 100-240V 50\/60 HZ<br \/>\nPutere de intrare: 450 W<br \/>\nCONTROL ELECTRONIC<br \/>\nProtocol: DMX512<br \/>\nMod canal: 1CH,3CH,4CH,9CH<br \/>\nPanou de control: z\u0103brele LED+ buton<br \/>\nMod de control: control pixel<br \/>\nSistemul de management termic asigur\u0103 lo<br \/>\ndurata de viata a LED-urilor<br \/>\nProtec\u021bie electronic\u0103 \u00eempotriva scurtcircuitului<br \/>\nR\u0103cire reglabil\u0103 cu ventilator rezistent la ap\u0103<br \/>\nRATA IP: IP65<\/p>\n","protected":false},"excerpt":{"rendered":"<p>Stage Blinder de 4*100W cu grad de IP65 este un corp de iluminat LED puternic, cu un design robust din aluminiu, cu 4 LED-uri Chip-on-Board (COB) de 100W care combin\u0103 dou\u0103 efecte \u00een aceea\u0219i carcas\u0103. Pe l\u00e2ng\u0103 oblierul de scen\u0103, acest dispozitiv poate fi folosit \u0219i ca stroboscop. SB400IP se potrive\u0219te cu puterea de lumin\u0103 orbitoare \u0219i poate fi controlat \u00een modul de sine st\u0103t\u0103tor, modul de activare a sunetului sau direct prin DMX \u00eentr-un mod cu 4 sau 8 canale. LED-urile au o durat\u0103 de via\u021b\u0103 de p\u00e2n\u0103 la 60.000 de ore. Culoarea LED-urilor este alb cald.<\/p>\n","protected":false},"featured_media":9390,"comment_status":"open","ping_status":"closed","template":"","meta":[],"product_brand":[],"product_cat":[798,42],"product_tag":[825,824,827,826],"class_list":{"0":"post-9389","1":"product","2":"type-product","3":"status-publish","4":"has-post-thumbnail","6":"product_cat-pls","7":"product_cat-promotii","8":"product_tag-4x100w-led-cob","9":"product_tag-blinder","10":"product_tag-blinder-led","11":"product_tag-lumina-blinder","13":"first","14":"instock","15":"purchasable","16":"product-type-simple"},"jetpack_sharing_enabled":true,"_links":{"self":[{"href":"https:\/\/quintett.eu\/index.php?rest_route=\/wp\/v2\/product\/9389","targetHints":{"allow":["GET"]}}],"collection":[{"href":"https:\/\/quintett.eu\/index.php?rest_route=\/wp\/v2\/product"}],"about":[{"href":"https:\/\/quintett.eu\/index.php?rest_route=\/wp\/v2\/types\/product"}],"replies":[{"embeddable":true,"href":"https:\/\/quintett.eu\/index.php?rest_route=%2Fwp%2Fv2%2Fcomments&post=9389"}],"wp:featuredmedia":[{"embeddable":true,"href":"https:\/\/quintett.eu\/index.php?rest_route=\/wp\/v2\/media\/9390"}],"wp:attachment":[{"href":"https:\/\/quintett.eu\/index.php?rest_route=%2Fwp%2Fv2%2Fmedia&parent=9389"}],"wp:term":[{"taxonomy":"product_brand","embeddable":true,"href":"https:\/\/quintett.eu\/index.php?rest_route=%2Fwp%2Fv2%2Fproduct_brand&post=9389"},{"taxonomy":"product_cat","embeddable":true,"href":"https:\/\/quintett.eu\/index.php?rest_route=%2Fwp%2Fv2%2Fproduct_cat&post=9389"},{"taxonomy":"product_tag","embeddable":true,"href":"https:\/\/quintett.eu\/index.php?rest_route=%2Fwp%2Fv2%2Fproduct_tag&post=9389"}],"curies":[{"name":"wp","href":"https:\/\/api.w.org\/{rel}","templated":true}]}}