{"id":9483,"date":"2023-10-30T11:11:53","date_gmt":"2023-10-30T09:11:53","guid":{"rendered":"https:\/\/quintett.eu\/?post_type=product&#038;p=9483"},"modified":"2023-10-30T14:31:38","modified_gmt":"2023-10-30T12:31:38","slug":"mtp-b-tuba-mod-1155-orion-g-custom","status":"publish","type":"product","link":"https:\/\/quintett.eu\/?product=mtp-b-tuba-mod-1155-orion-g-custom","title":{"rendered":"MTP B-Tuba Mod.1155 ORION G Custom"},"content":{"rendered":"<p>Specifica\u021bii :<\/p>\n<p>tuba SI bemol ,alam\u0103 aurie l\u0103cuit\u0103,<br \/>\n4 supape rotative,<br \/>\npalnie 400 mm,<br \/>\nalezaj 20 mm,<br \/>\nconduct\u0103 din alam\u0103 alb\u0103,<br \/>\ncu leg\u0103turi sferice din o\u021bel MINIBAL originale,<br \/>\ninaltime doar 80 cm,<br \/>\nglisiere interioare \u0219i exterioare din alam\u0103 alb\u0103,<br \/>\ngreutate 8,9 kg,<br \/>\ncase , mu\u0219tiuc<\/p>\n","protected":false},"excerpt":{"rendered":"<h3 id=\"fld28682_3\">MTP B-Tuba Mod.1155 ORION G Custom<\/h3>\n<p>Cu sediul \u00een regiunea Stuttgart, MTP este un brand creat de domnul Roland Ekle \u00een urm\u0103 cu mai bine de 25 de ani. Tehnician specializat \u00een instrumente de alam\u0103 \u0219i tube, Roland Ekle ofer\u0103 acum o gam\u0103 complet\u0103 de instrumente de suflat. MTP combin\u0103 m\u0103iestria \u0219i tehnologia german\u0103 cu capacitatea de produc\u021bie chinez\u0103. Intr-adevar, cea mai mare parte a gamei beneficiaza de piese, in special mecanice (pistoane, biele etc.), fabricate in Germania si montate pe o structura produsa in China. Aceast\u0103 activitate face posibil\u0103 oferirea unei game de instrumente de calitate excelent\u0103 la un pre\u021b relevant de pia\u021b\u0103.<\/p>\n","protected":false},"featured_media":9485,"comment_status":"open","ping_status":"closed","template":"","meta":[],"product_brand":[],"product_cat":[368],"product_tag":[369,376,844,845],"class_list":{"0":"post-9483","1":"product","2":"type-product","3":"status-publish","4":"has-post-thumbnail","6":"product_cat-mtp-musikinstrumente","7":"product_tag-mtp","8":"product_tag-tuba","9":"product_tag-tuba-mtp","10":"product_tag-tuba-sib","12":"first","13":"instock","14":"purchasable","15":"product-type-simple"},"jetpack_sharing_enabled":true,"_links":{"self":[{"href":"https:\/\/quintett.eu\/index.php?rest_route=\/wp\/v2\/product\/9483","targetHints":{"allow":["GET"]}}],"collection":[{"href":"https:\/\/quintett.eu\/index.php?rest_route=\/wp\/v2\/product"}],"about":[{"href":"https:\/\/quintett.eu\/index.php?rest_route=\/wp\/v2\/types\/product"}],"replies":[{"embeddable":true,"href":"https:\/\/quintett.eu\/index.php?rest_route=%2Fwp%2Fv2%2Fcomments&post=9483"}],"wp:featuredmedia":[{"embeddable":true,"href":"https:\/\/quintett.eu\/index.php?rest_route=\/wp\/v2\/media\/9485"}],"wp:attachment":[{"href":"https:\/\/quintett.eu\/index.php?rest_route=%2Fwp%2Fv2%2Fmedia&parent=9483"}],"wp:term":[{"taxonomy":"product_brand","embeddable":true,"href":"https:\/\/quintett.eu\/index.php?rest_route=%2Fwp%2Fv2%2Fproduct_brand&post=9483"},{"taxonomy":"product_cat","embeddable":true,"href":"https:\/\/quintett.eu\/index.php?rest_route=%2Fwp%2Fv2%2Fproduct_cat&post=9483"},{"taxonomy":"product_tag","embeddable":true,"href":"https:\/\/quintett.eu\/index.php?rest_route=%2Fwp%2Fv2%2Fproduct_tag&post=9483"}],"curies":[{"name":"wp","href":"https:\/\/api.w.org\/{rel}","templated":true}]}}