{"id":9490,"date":"2023-10-30T14:37:35","date_gmt":"2023-10-30T12:37:35","guid":{"rendered":"https:\/\/quintett.eu\/?post_type=product&#038;p=9490"},"modified":"2023-10-30T14:38:35","modified_gmt":"2023-10-30T12:38:35","slug":"mtp-bb-trompeta-mod-x-8","status":"publish","type":"product","link":"https:\/\/quintett.eu\/?product=mtp-bb-trompeta-mod-x-8","title":{"rendered":"MTP Bb trompeta mod.X-8"},"content":{"rendered":"<p>Specifica\u021bii :<\/p>\n<p>-sunet alam\u0103 auriu str\u0103lucitor 123 mm,<br \/>\n-\u021beav\u0103 de plumb din alam\u0103 auriu str\u0103lucitor,<br \/>\n-l\u0103cuit ,<br \/>\n&#8211; supape din dou\u0103 piese ,din nichel \u0219i argint ,<br \/>\n-alezaj ML 11,68 mm,<br \/>\n-supape din o\u021bel inoxidabil,<br \/>\n-cu case \u0219i mu\u0219tiuc DeLuxe &#8211;<br \/>\nModel de TOP &#8211; profesional \u00een sunet \u0219i r\u0103spuns!<\/p>\n","protected":false},"excerpt":{"rendered":"<p>Cu sediul \u00een regiunea Stuttgart, MTP este un brand creat de domnul Roland Ekle \u00een urm\u0103 cu mai bine de 25 de ani. Tehnician specializat \u00een instrumente de alam\u0103 \u0219i tuba, Roland Ekle ofer\u0103 acum o gam\u0103 complet\u0103 de instrumente de suflat. MTP combin\u0103 m\u0103iestria \u0219i tehnologia german\u0103 cu capacitatea de produc\u021bie chinez\u0103. Intr-adevar, cea mai mare parte a gamei beneficiaza de piese, in special mecanice (pistoane, biele etc.), fabricate in Germania si montate pe o structura produsa in China. Aceast\u0103 activitate face posibil\u0103 oferirea unei game de instrumente de calitate excelent\u0103 la un pre\u021b relevant de pia\u021b\u0103.<\/p>\n","protected":false},"featured_media":9493,"comment_status":"open","ping_status":"closed","template":"","meta":[],"product_brand":[],"product_cat":[368],"product_tag":[369,847,373,846],"class_list":{"0":"post-9490","1":"product","2":"type-product","3":"status-publish","4":"has-post-thumbnail","6":"product_cat-mtp-musikinstrumente","7":"product_tag-mtp","8":"product_tag-mtp-trompeta","9":"product_tag-trompeta","10":"product_tag-trompeta-si-bemol","12":"first","13":"instock","14":"purchasable","15":"product-type-simple"},"jetpack_sharing_enabled":true,"_links":{"self":[{"href":"https:\/\/quintett.eu\/index.php?rest_route=\/wp\/v2\/product\/9490","targetHints":{"allow":["GET"]}}],"collection":[{"href":"https:\/\/quintett.eu\/index.php?rest_route=\/wp\/v2\/product"}],"about":[{"href":"https:\/\/quintett.eu\/index.php?rest_route=\/wp\/v2\/types\/product"}],"replies":[{"embeddable":true,"href":"https:\/\/quintett.eu\/index.php?rest_route=%2Fwp%2Fv2%2Fcomments&post=9490"}],"wp:featuredmedia":[{"embeddable":true,"href":"https:\/\/quintett.eu\/index.php?rest_route=\/wp\/v2\/media\/9493"}],"wp:attachment":[{"href":"https:\/\/quintett.eu\/index.php?rest_route=%2Fwp%2Fv2%2Fmedia&parent=9490"}],"wp:term":[{"taxonomy":"product_brand","embeddable":true,"href":"https:\/\/quintett.eu\/index.php?rest_route=%2Fwp%2Fv2%2Fproduct_brand&post=9490"},{"taxonomy":"product_cat","embeddable":true,"href":"https:\/\/quintett.eu\/index.php?rest_route=%2Fwp%2Fv2%2Fproduct_cat&post=9490"},{"taxonomy":"product_tag","embeddable":true,"href":"https:\/\/quintett.eu\/index.php?rest_route=%2Fwp%2Fv2%2Fproduct_tag&post=9490"}],"curies":[{"name":"wp","href":"https:\/\/api.w.org\/{rel}","templated":true}]}}