{"id":9497,"date":"2023-10-30T14:54:33","date_gmt":"2023-10-30T12:54:33","guid":{"rendered":"https:\/\/quintett.eu\/?post_type=product&#038;p=9497"},"modified":"2023-10-30T15:13:45","modified_gmt":"2023-10-30T13:13:45","slug":"mtp-eb-alto-saxofon-mod-a-975","status":"publish","type":"product","link":"https:\/\/quintett.eu\/?product=mtp-eb-alto-saxofon-mod-a-975","title":{"rendered":"MTP Eb alto saxofon mod.A-975"},"content":{"rendered":"<p>Specifica\u021bii :<\/p>\n<p>corp din alam\u0103 auriu str\u0103lucitor \u0219i chei l\u0103cuite,<br \/>\ntaste laterale reglabile (m\u00e2na st\u00e2ng\u0103),<br \/>\ntasta F# ,<br \/>\ntampoane PISONI,<br \/>\ncu mu\u0219tiuc ESM original \u0219i hus\u0103 de lux cu curele pentru rucsac<\/p>\n","protected":false},"excerpt":{"rendered":"<p>Cu sediul \u00een regiunea Stuttgart, MTP este un brand creat de domnul Roland Ekle \u00een urm\u0103 cu mai bine de 25 de ani. Tehnician specializat \u00een instrumente de alam\u0103 \u0219i tuba, Roland Ekle ofer\u0103 acum o gam\u0103 complet\u0103 de instrumente de suflat. MTP combin\u0103 m\u0103iestria \u0219i tehnologia german\u0103 cu capacitatea de produc\u021bie chinez\u0103. Intr-adevar, cea mai mare parte a gamei beneficiaza de piese, in special mecanice (pistoane, biele etc.), fabricate in Germania si montate pe o structura produsa in China. Aceast\u0103 activitate face posibil\u0103 oferirea unei game de instrumente de calitate excelent\u0103 la un pre\u021b relevant de pia\u021b\u0103.<\/p>\n","protected":false},"featured_media":9505,"comment_status":"open","ping_status":"closed","template":"","meta":[],"product_brand":[],"product_cat":[368],"product_tag":[369,848,849,850],"class_list":{"0":"post-9497","1":"product","2":"type-product","3":"status-publish","4":"has-post-thumbnail","6":"product_cat-mtp-musikinstrumente","7":"product_tag-mtp","8":"product_tag-saxofon","9":"product_tag-saxofon-es","10":"product_tag-saxofon-mi-bemol","12":"first","13":"instock","14":"purchasable","15":"product-type-simple"},"jetpack_sharing_enabled":true,"_links":{"self":[{"href":"https:\/\/quintett.eu\/index.php?rest_route=\/wp\/v2\/product\/9497","targetHints":{"allow":["GET"]}}],"collection":[{"href":"https:\/\/quintett.eu\/index.php?rest_route=\/wp\/v2\/product"}],"about":[{"href":"https:\/\/quintett.eu\/index.php?rest_route=\/wp\/v2\/types\/product"}],"replies":[{"embeddable":true,"href":"https:\/\/quintett.eu\/index.php?rest_route=%2Fwp%2Fv2%2Fcomments&post=9497"}],"wp:featuredmedia":[{"embeddable":true,"href":"https:\/\/quintett.eu\/index.php?rest_route=\/wp\/v2\/media\/9505"}],"wp:attachment":[{"href":"https:\/\/quintett.eu\/index.php?rest_route=%2Fwp%2Fv2%2Fmedia&parent=9497"}],"wp:term":[{"taxonomy":"product_brand","embeddable":true,"href":"https:\/\/quintett.eu\/index.php?rest_route=%2Fwp%2Fv2%2Fproduct_brand&post=9497"},{"taxonomy":"product_cat","embeddable":true,"href":"https:\/\/quintett.eu\/index.php?rest_route=%2Fwp%2Fv2%2Fproduct_cat&post=9497"},{"taxonomy":"product_tag","embeddable":true,"href":"https:\/\/quintett.eu\/index.php?rest_route=%2Fwp%2Fv2%2Fproduct_tag&post=9497"}],"curies":[{"name":"wp","href":"https:\/\/api.w.org\/{rel}","templated":true}]}}