{"id":9524,"date":"2023-11-27T11:08:13","date_gmt":"2023-11-27T09:08:13","guid":{"rendered":"https:\/\/quintett.eu\/?post_type=product&#038;p=9524"},"modified":"2024-12-09T19:21:47","modified_gmt":"2024-12-09T17:21:47","slug":"sennheiser-xsw-2-me2-b","status":"publish","type":"product","link":"https:\/\/quintett.eu\/?product=sennheiser-xsw-2-me2-b","title":{"rendered":"Sennheiser XSW 2-ME2-B"},"content":{"rendered":"<p><strong>Sennheiser XSw 2-ME2 B &#8211;<\/strong> Set wireless cu microfon lavalier\u0103 ME2-II:<\/p>\n<ul>\n<li>sistem true diversity, antene externe<\/li>\n<li>8 b\u0103nci de frecven\u021be cu 12 preseturi fiecare,<\/li>\n<li>l\u0103\u021bime de band\u0103 24 MHz,<\/li>\n<li>squelch ajustabil<\/li>\n<li>scanare automat\u0103 a frecven\u021belor<\/li>\n<li>antene externe cu conectori BNC<\/li>\n<li>putere de transmisie 10 mW<\/li>\n<li><span class=\"word\" data-words=\"raza,raz\u0103,r\u0103za,r\u0103z\u0103,r\u00e2z\u0103\">raza<\/span> de acoperire <span class=\"word\" data-words=\"p\u00e2n\u0103,pan\u0103,pana,p\u0103na,p\u0103n\u0103\">p\u00e2n\u0103<\/span> <span class=\"word\" data-words=\"la,l\u0103\">la<\/span> 100 m<\/li>\n<li>plaj\u0103 frecven\u021be audio: 50 Hz &#8211; 16 kHz<\/li>\n<li>microfon lavalier\u0103 ME2, condenser, omnidierec\u021bional<\/li>\n<li>ie\u0219iri: XLR sau jack<\/li>\n<li>comutabil semnal mic\/linie<\/li>\n<li>banda B: 614 &#8211; 638 MHz<\/li>\n<\/ul>\n<p><strong>Setul con\u021bine:<\/strong><\/p>\n<ul>\n<li>transmi\u021b\u0103tor SK-XSW<\/li>\n<li>receptor EM-XSW2<\/li>\n<li>microfon lavalier\u0103 ME2-2<\/li>\n<li>alimentator NT 12-5 CW<\/li>\n<li>baterii AA<\/li>\n<li>set de montaj \u00een rack<\/li>\n<li>hus\u0103 de transport<\/li>\n<\/ul>\n","protected":false},"excerpt":{"rendered":"<p><strong>Sennheiser XSw 2-ME2 B &#8211;<\/strong> Set wireless cu microfon lavalier\u0103 ME2-II<\/p>\n","protected":false},"featured_media":9525,"comment_status":"open","ping_status":"closed","template":"","meta":[],"product_brand":[],"product_cat":[129],"product_tag":[855,853,857,142,856,854],"class_list":{"0":"post-9524","1":"product","2":"type-product","3":"status-publish","4":"has-post-thumbnail","6":"product_cat-casti-in-ear","7":"product_tag-lavaliera","8":"product_tag-microfon-lavaliera","9":"product_tag-microfon-prezentator","10":"product_tag-sennheiser","11":"product_tag-sennheiser-xsw-2","12":"product_tag-xsw-2-me-b","14":"first","15":"instock","16":"sale","17":"purchasable","18":"product-type-simple"},"jetpack_sharing_enabled":true,"_links":{"self":[{"href":"https:\/\/quintett.eu\/index.php?rest_route=\/wp\/v2\/product\/9524","targetHints":{"allow":["GET"]}}],"collection":[{"href":"https:\/\/quintett.eu\/index.php?rest_route=\/wp\/v2\/product"}],"about":[{"href":"https:\/\/quintett.eu\/index.php?rest_route=\/wp\/v2\/types\/product"}],"replies":[{"embeddable":true,"href":"https:\/\/quintett.eu\/index.php?rest_route=%2Fwp%2Fv2%2Fcomments&post=9524"}],"wp:featuredmedia":[{"embeddable":true,"href":"https:\/\/quintett.eu\/index.php?rest_route=\/wp\/v2\/media\/9525"}],"wp:attachment":[{"href":"https:\/\/quintett.eu\/index.php?rest_route=%2Fwp%2Fv2%2Fmedia&parent=9524"}],"wp:term":[{"taxonomy":"product_brand","embeddable":true,"href":"https:\/\/quintett.eu\/index.php?rest_route=%2Fwp%2Fv2%2Fproduct_brand&post=9524"},{"taxonomy":"product_cat","embeddable":true,"href":"https:\/\/quintett.eu\/index.php?rest_route=%2Fwp%2Fv2%2Fproduct_cat&post=9524"},{"taxonomy":"product_tag","embeddable":true,"href":"https:\/\/quintett.eu\/index.php?rest_route=%2Fwp%2Fv2%2Fproduct_tag&post=9524"}],"curies":[{"name":"wp","href":"https:\/\/api.w.org\/{rel}","templated":true}]}}