{"id":9561,"date":"2023-11-28T15:45:28","date_gmt":"2023-11-28T13:45:28","guid":{"rendered":"https:\/\/quintett.eu\/?post_type=product&#038;p=9561"},"modified":"2024-04-26T12:15:02","modified_gmt":"2024-04-26T10:15:02","slug":"clavia-nord-electro-6d-61","status":"publish","type":"product","link":"https:\/\/quintett.eu\/?product=clavia-nord-electro-6d-61","title":{"rendered":"Clavia Nord Electro 6D 61"},"content":{"rendered":"<p>Specifica\u021bii:<\/p>\n<ul>\n<li>pian de scen\u0103 \u015fi sintetizator digital<\/li>\n<li>claviatur\u0103 cu 61 clape semi-grele waterfall<\/li>\n<li>divide \u015fi suprapune: pian\/org\u0103, pian\/sample, sample\/org\u0103<\/li>\n<li>1 gb memorie pentru libr\u0103ria nord piano<\/li>\n<li>Display Oled<\/li>\n<li>512 mb memorie pentru libr\u0103ria de samplere nord<\/li>\n<li>6 puncte de diviziune cu LED-uri indicatoare<\/li>\n<li>sec\u0163iune program cu func\u0163ie de setare list\u0103<\/li>\n<li>mod organizare pentru rearanjarea programelor \u015fi samplerelor<\/li>\n<li>sec\u0163iune dedicat\u0103 pentru sample synth cu control de attack, decay\/release \u015fi dynamic<\/li>\n<li>simulare ton de nord c2d b3<\/li>\n<li>simulare de org\u0103 cu tuburi<\/li>\n<li>b3 tone wheel bass<\/li>\n<li>Sympathetic string resonance<\/li>\n<li>simulator leslie 122 de la nord c2d<\/li>\n<li>toate efectele stereo<\/li>\n<li>simulator de distors pe lamp\u0103<\/li>\n<li>Efect Reverb cu modul Bright inclus<\/li>\n<li>efect de vibrafon<\/li>\n<li>efecte separate de reverb\/delay, tremolo, pan, ring-mod \u015fi wah-wah<\/li>\n<li>efectele pot fi controlate prin pedale de control<\/li>\n<li>conexiuni: 2 x de linie 6,3mm tr (l\/r), intrare monitor 3,5mm mini-trs stereo, ie\u015fire c\u0103\u015fti, intrare pentru pedale de control \u015fi sustain, intrare pentru pedal\u0103 de rotary speaker, intrare \/ ie\u015fire MIDI, usb(midi)<\/li>\n<li>dimensiuni: 900 x 296 x 97 mm<\/li>\n<li>greutate: 8.1 kg<\/li>\n<\/ul>\n","protected":false},"excerpt":{"rendered":"<p>Pian de Scena si Sintetizator\u00a0Clavia Nord Electro 6D 61<\/p>\n","protected":false},"featured_media":9565,"comment_status":"open","ping_status":"closed","template":"","meta":[],"product_brand":[],"product_cat":[24],"product_tag":[870,871,162,65,715],"class_list":{"0":"post-9561","1":"product","2":"type-product","3":"status-publish","4":"has-post-thumbnail","6":"product_cat-piane-digitale","7":"product_tag-nord-clavia","8":"product_tag-nord-electro-6d-61","9":"product_tag-nord-stage","10":"product_tag-pian-digital","11":"product_tag-sintetizator","13":"first","14":"instock","15":"purchasable","16":"product-type-simple"},"jetpack_sharing_enabled":true,"_links":{"self":[{"href":"https:\/\/quintett.eu\/index.php?rest_route=\/wp\/v2\/product\/9561","targetHints":{"allow":["GET"]}}],"collection":[{"href":"https:\/\/quintett.eu\/index.php?rest_route=\/wp\/v2\/product"}],"about":[{"href":"https:\/\/quintett.eu\/index.php?rest_route=\/wp\/v2\/types\/product"}],"replies":[{"embeddable":true,"href":"https:\/\/quintett.eu\/index.php?rest_route=%2Fwp%2Fv2%2Fcomments&post=9561"}],"wp:featuredmedia":[{"embeddable":true,"href":"https:\/\/quintett.eu\/index.php?rest_route=\/wp\/v2\/media\/9565"}],"wp:attachment":[{"href":"https:\/\/quintett.eu\/index.php?rest_route=%2Fwp%2Fv2%2Fmedia&parent=9561"}],"wp:term":[{"taxonomy":"product_brand","embeddable":true,"href":"https:\/\/quintett.eu\/index.php?rest_route=%2Fwp%2Fv2%2Fproduct_brand&post=9561"},{"taxonomy":"product_cat","embeddable":true,"href":"https:\/\/quintett.eu\/index.php?rest_route=%2Fwp%2Fv2%2Fproduct_cat&post=9561"},{"taxonomy":"product_tag","embeddable":true,"href":"https:\/\/quintett.eu\/index.php?rest_route=%2Fwp%2Fv2%2Fproduct_tag&post=9561"}],"curies":[{"name":"wp","href":"https:\/\/api.w.org\/{rel}","templated":true}]}}