{"id":9577,"date":"2023-12-06T11:15:13","date_gmt":"2023-12-06T09:15:13","guid":{"rendered":"https:\/\/quintett.eu\/?post_type=product&#038;p=9577"},"modified":"2025-04-05T16:39:26","modified_gmt":"2025-04-05T14:39:26","slug":"millenium-ks-2000","status":"publish","type":"product","link":"https:\/\/quintett.eu\/?product=millenium-ks-2000","title":{"rendered":"Millenium KS-2000"},"content":{"rendered":"<p>Stativ claviaturi\u00a0Millenium KS-2000<\/p>\n<ul class=\"prod-features\">\n<li>\u00cen\u0103l\u021bime reglabil\u0103<\/li>\n<li>Capacitate de \u00eenc\u0103rcare de p\u00e2n\u0103 la 80 kg<\/li>\n<li>Greutate 8,9 kg<\/li>\n<li>L\u0103\u021bime: 710 mm p\u00e2n\u0103 la 1020 mm<\/li>\n<li>Ad\u00e2ncime: 320 mm<\/li>\n<li>\u00cen\u0103l\u021bime reglabila: de la 620 mm la 790 mm<\/li>\n<\/ul>\n","protected":false},"excerpt":{"rendered":"<p>Stativ claviaturi\u00a0Millenium KS-2000 cu inaltime reglabila si capacitate de sustinere de pana la 80Kg<\/p>\n","protected":false},"featured_media":9578,"comment_status":"open","ping_status":"closed","template":"","meta":[],"product_brand":[],"product_cat":[42,33,391],"product_tag":[873,876,874,875,877,332],"class_list":{"0":"post-9577","1":"product","2":"type-product","3":"status-publish","4":"has-post-thumbnail","6":"product_cat-promotii","7":"product_cat-stavive","8":"product_cat-thomann","9":"product_tag-millenium","10":"product_tag-millenium-ks-2000","11":"product_tag-stativ-claviaturi","12":"product_tag-stativ-nord","13":"product_tag-stative-clape","14":"product_tag-suport-clape","16":"first","17":"instock","18":"purchasable","19":"product-type-simple"},"jetpack_sharing_enabled":true,"_links":{"self":[{"href":"https:\/\/quintett.eu\/index.php?rest_route=\/wp\/v2\/product\/9577","targetHints":{"allow":["GET"]}}],"collection":[{"href":"https:\/\/quintett.eu\/index.php?rest_route=\/wp\/v2\/product"}],"about":[{"href":"https:\/\/quintett.eu\/index.php?rest_route=\/wp\/v2\/types\/product"}],"replies":[{"embeddable":true,"href":"https:\/\/quintett.eu\/index.php?rest_route=%2Fwp%2Fv2%2Fcomments&post=9577"}],"wp:featuredmedia":[{"embeddable":true,"href":"https:\/\/quintett.eu\/index.php?rest_route=\/wp\/v2\/media\/9578"}],"wp:attachment":[{"href":"https:\/\/quintett.eu\/index.php?rest_route=%2Fwp%2Fv2%2Fmedia&parent=9577"}],"wp:term":[{"taxonomy":"product_brand","embeddable":true,"href":"https:\/\/quintett.eu\/index.php?rest_route=%2Fwp%2Fv2%2Fproduct_brand&post=9577"},{"taxonomy":"product_cat","embeddable":true,"href":"https:\/\/quintett.eu\/index.php?rest_route=%2Fwp%2Fv2%2Fproduct_cat&post=9577"},{"taxonomy":"product_tag","embeddable":true,"href":"https:\/\/quintett.eu\/index.php?rest_route=%2Fwp%2Fv2%2Fproduct_tag&post=9577"}],"curies":[{"name":"wp","href":"https:\/\/api.w.org\/{rel}","templated":true}]}}