{"id":9610,"date":"2024-01-09T19:42:40","date_gmt":"2024-01-09T17:42:40","guid":{"rendered":"https:\/\/quintett.eu\/?post_type=product&#038;p=9610"},"modified":"2025-03-05T10:02:16","modified_gmt":"2025-03-05T08:02:16","slug":"neutrik-nl4fxx-w-s","status":"publish","type":"product","link":"https:\/\/quintett.eu\/?product=neutrik-nl4fxx-w-s","title":{"rendered":"NEUTRIK NL4FXX-W-S-Q20"},"content":{"rendered":"<p><strong>SPECIFICA\u021aII:<\/strong><\/p>\n<p>Curent nominal de p\u00e2n\u0103 la 37\u00a0A rms<\/p>\n<p>Buc\u0219\u0103 unic\u0103 de blocare Neutrik \u0219i detensionare pentru diametre de cablu de la 6 mm la 12 mm<\/p>\n<p>Standard superior de calitate NEUTRIK, extrem de robust \u0219i de \u00eencredere<\/p>\n<p>U\u0219or de asamblat deoarece dispozitivul de detensionare se blocheaz\u0103 mecanic cu inser\u021bia \u0219i se aliniaz\u0103 cu carcasa<\/p>\n<p>Sistem de blocare prin r\u0103sucire u\u0219or \u0219i fiabil<\/p>\n<p>Design ergonomic cu carcas\u0103 turnat\u0103 din dou\u0103 componente anti-alunecare<\/p>\n<p>Protec\u021bie \u00eembun\u0103t\u0103\u021bit\u0103 la \u00eendoire prin buc\u0219\u0103 din dou\u0103 componente<\/p>\n","protected":false},"excerpt":{"rendered":"<p>Conector de cablu speakon cu 4 poli, ansamblu terminal cu \u0219urub, detensionare tip mandr\u0103 pentru diametre de cablu de la 6 la 12 mm<br \/>\n*Pret aniversar -20 ani <\/p>\n","protected":false},"featured_media":9605,"comment_status":"open","ping_status":"closed","template":"","meta":[],"product_brand":[],"product_cat":[184],"product_tag":[90,86,94,883,884,92],"class_list":{"0":"post-9610","1":"product","2":"type-product","3":"status-publish","4":"has-post-thumbnail","6":"product_cat-conectori-mufe","7":"product_tag-conector","8":"product_tag-neutrik","9":"product_tag-nl4fx","10":"product_tag-nl4fxx-w-l","11":"product_tag-nl4fxx-w-s","12":"product_tag-speakon","14":"first","15":"instock","16":"sale","17":"purchasable","18":"product-type-simple"},"jetpack_sharing_enabled":true,"_links":{"self":[{"href":"https:\/\/quintett.eu\/index.php?rest_route=\/wp\/v2\/product\/9610","targetHints":{"allow":["GET"]}}],"collection":[{"href":"https:\/\/quintett.eu\/index.php?rest_route=\/wp\/v2\/product"}],"about":[{"href":"https:\/\/quintett.eu\/index.php?rest_route=\/wp\/v2\/types\/product"}],"replies":[{"embeddable":true,"href":"https:\/\/quintett.eu\/index.php?rest_route=%2Fwp%2Fv2%2Fcomments&post=9610"}],"wp:featuredmedia":[{"embeddable":true,"href":"https:\/\/quintett.eu\/index.php?rest_route=\/wp\/v2\/media\/9605"}],"wp:attachment":[{"href":"https:\/\/quintett.eu\/index.php?rest_route=%2Fwp%2Fv2%2Fmedia&parent=9610"}],"wp:term":[{"taxonomy":"product_brand","embeddable":true,"href":"https:\/\/quintett.eu\/index.php?rest_route=%2Fwp%2Fv2%2Fproduct_brand&post=9610"},{"taxonomy":"product_cat","embeddable":true,"href":"https:\/\/quintett.eu\/index.php?rest_route=%2Fwp%2Fv2%2Fproduct_cat&post=9610"},{"taxonomy":"product_tag","embeddable":true,"href":"https:\/\/quintett.eu\/index.php?rest_route=%2Fwp%2Fv2%2Fproduct_tag&post=9610"}],"curies":[{"name":"wp","href":"https:\/\/api.w.org\/{rel}","templated":true}]}}