{"id":9698,"date":"2024-02-24T12:45:32","date_gmt":"2024-02-24T10:45:32","guid":{"rendered":"https:\/\/quintett.eu\/?post_type=product&#038;p=9698"},"modified":"2024-02-25T19:01:15","modified_gmt":"2024-02-25T17:01:15","slug":"leyard-luminate-pro-series-indoor-and-outdoor","status":"publish","type":"product","link":"https:\/\/quintett.eu\/?product=leyard-luminate-pro-series-indoor-and-outdoor","title":{"rendered":"Leyard Luminate Pro Series Ecran Led indoor si outdoor"},"content":{"rendered":"<p>Leyard Luminate&#x2122; Pro Series indoor and outdoor<\/p>\n<p>Modele pentru interior \u0219i exterior disponibile :<\/p>\n<p>1.9, 2.5, 3.9 mm pixeli pitch (\u00een interior)<br \/>\n2.9, 3.9, 4.8, 5.9, 7.8, 10.4mm pixeli pitch (\u00een aer liber)<br \/>\nManipularea unei singure persoane<br \/>\nAg\u0103\u021ba\u021bi, stivui\u021bi sau monta\u021bi pe perete<\/p>\n<h2 class=\"ce_headline first\">Specifications<\/h2>\n<div class=\"block white last\">\n<div class=\"ce_table block\">\n<div class=\"tableContainer\">\n<table id=\"table_22370\">\n<tbody>\n<tr class=\"row_0 row_first odd\">\n<td class=\"col_0 col_first\">Model<\/td>\n<td class=\"col_1\">LPI-1.9<\/td>\n<td class=\"col_2\">LPI-2.5<\/td>\n<td class=\"col_3\">LPI3.9<\/td>\n<td class=\"col_4\">LPO-2.9<\/td>\n<td class=\"col_5\">LPO-3.9<\/td>\n<td class=\"col_6\">LPO-4.8<\/td>\n<td class=\"col_7\">LPO-5.9<\/td>\n<td class=\"col_8\">LPO-7.8<\/td>\n<td class=\"col_9 col_last\">LPO-10.4<\/td>\n<\/tr>\n<tr class=\"row_1 even\">\n<td class=\"col_0 col_first\">Pixel Pitch (mm)<\/td>\n<td class=\"col_1\">1.95<\/td>\n<td class=\"col_2\">2.50<\/td>\n<td class=\"col_3\">3.91<\/td>\n<td class=\"col_4\">2.97<\/td>\n<td class=\"col_5\">3.91<\/td>\n<td class=\"col_6\">4.81<\/td>\n<td class=\"col_7\">5.59<\/td>\n<td class=\"col_8\">7.81<\/td>\n<td class=\"col_9 col_last\">10.42<\/td>\n<\/tr>\n<tr class=\"row_2 odd\">\n<td class=\"col_0 col_first\">Pixel Configuration<\/td>\n<td class=\"col_1\">SMD<\/td>\n<td class=\"col_2\">SMD<\/td>\n<td class=\"col_3\">SMD<\/td>\n<td class=\"col_4\">SMD<\/td>\n<td class=\"col_5\">SMD<\/td>\n<td class=\"col_6\">SMD<\/td>\n<td class=\"col_7\">SMD<\/td>\n<td class=\"col_8\">7.81<\/td>\n<td class=\"col_9 col_last\">10.42<\/td>\n<\/tr>\n<tr class=\"row_3 even\">\n<td class=\"col_0 col_first\">LED Drive Mode<\/td>\n<td class=\"col_1\">Constant Current Drive<\/td>\n<td class=\"col_2\">Constant Current Drive<\/td>\n<td class=\"col_3\">Constant Current Drive<\/td>\n<td class=\"col_4\">Constant Current Drive<\/td>\n<td class=\"col_5\">Constant Current Drive<\/td>\n<td class=\"col_6\">Constant Current Drive<\/td>\n<td class=\"col_7\">Constant Current Drive<\/td>\n<td class=\"col_8\">Constant Current Drive<\/td>\n<td class=\"col_9 col_last\">Constant Current Drive<\/td>\n<\/tr>\n<tr class=\"row_4 odd\">\n<td class=\"col_0 col_first\">Cabinet Size (W x H D)<\/td>\n<td class=\"col_1\">500 x 500 x 74 mm<\/td>\n<td class=\"col_2\">500 x 500 x 77 mm<\/td>\n<td class=\"col_3\">500 x 500 x 77 mm<\/td>\n<td class=\"col_4\">500 x 500 x 75 mm<\/td>\n<td class=\"col_5\">500 x 500 x 76 mm<\/td>\n<td class=\"col_6\">500 x 500 x 74 mm<\/td>\n<td class=\"col_7\">500 x 500 x 77 mm<\/td>\n<td class=\"col_8\">500 x 500 x 77 mm<\/td>\n<td class=\"col_9 col_last\">500 x 500 x 77 mm<\/td>\n<\/tr>\n<tr class=\"row_5 even\">\n<td class=\"col_0 col_first\">Cabinet Diagonal<\/td>\n<td class=\"col_1\">707.10mm<\/td>\n<td class=\"col_2\">707.10mm<\/td>\n<td class=\"col_3\">707.10mm<\/td>\n<td class=\"col_4\">707.10mm<\/td>\n<td class=\"col_5\">707.10mm<\/td>\n<td class=\"col_6\">707.10mm<\/td>\n<td class=\"col_7\">707.10mm<\/td>\n<td class=\"col_8\">707.10mm<\/td>\n<td class=\"col_9 col_last\">707.10mm<\/td>\n<\/tr>\n<tr class=\"row_6 odd\">\n<td class=\"col_0 col_first\">Cabinet Resolution<\/td>\n<td class=\"col_1\">256&#215;256<\/td>\n<td class=\"col_2\">200&#215;200<\/td>\n<td class=\"col_3\">128&#215;128<\/td>\n<td class=\"col_4\">168&#215;168<\/td>\n<td class=\"col_5\">128&#215;128<\/td>\n<td class=\"col_6\">104&#215;104<\/td>\n<td class=\"col_7\">84&#215;84<\/td>\n<td class=\"col_8\">64&#215;64<\/td>\n<td class=\"col_9 col_last\">48&#215;48<\/td>\n<\/tr>\n<tr class=\"row_7 even\">\n<td class=\"col_0 col_first\">Pixel Density (pixel\/m\u00b2)<\/td>\n<td class=\"col_1\">262,144<\/td>\n<td class=\"col_2\">160,000<\/td>\n<td class=\"col_3\">65,536<\/td>\n<td class=\"col_4\">112,896<\/td>\n<td class=\"col_5\">65,536<\/td>\n<td class=\"col_6\">43,264<\/td>\n<td class=\"col_7\">28,224<\/td>\n<td class=\"col_8\">16,384<\/td>\n<td class=\"col_9 col_last\">9,216<\/td>\n<\/tr>\n<tr class=\"row_8 odd\">\n<td class=\"col_0 col_first\">Modules\/Cabinet<\/td>\n<td class=\"col_1\">2&#215;2<\/td>\n<td class=\"col_2\">2&#215;2<\/td>\n<td class=\"col_3\">2&#215;2<\/td>\n<td class=\"col_4\">2&#215;2<\/td>\n<td class=\"col_5\">2&#215;2<\/td>\n<td class=\"col_6\">2&#215;2<\/td>\n<td class=\"col_7\">2&#215;2<\/td>\n<td class=\"col_8\">2&#215;2<\/td>\n<td class=\"col_9 col_last\">2&#215;2<\/td>\n<\/tr>\n<tr class=\"row_9 even\">\n<td class=\"col_0 col_first\">Module Resolution<\/td>\n<td class=\"col_1\">128&#215;128<\/td>\n<td class=\"col_2\">100&#215;100<\/td>\n<td class=\"col_3\">64&#215;64<\/td>\n<td class=\"col_4\">84&#215;84<\/td>\n<td class=\"col_5\">64&#215;64<\/td>\n<td class=\"col_6\">52&#215;52<\/td>\n<td class=\"col_7\">42&#215;42<\/td>\n<td class=\"col_8\">32&#215;32<\/td>\n<td class=\"col_9 col_last\">24&#215;24<\/td>\n<\/tr>\n<tr class=\"row_10 odd\">\n<td class=\"col_0 col_first\">Module Size (W x H)<\/td>\n<td class=\"col_1\">250&#215;250 mm<\/td>\n<td class=\"col_2\">250&#215;250 mm<\/td>\n<td class=\"col_3\">250&#215;250 mm<\/td>\n<td class=\"col_4\">250&#215;250 mm<\/td>\n<td class=\"col_5\">250&#215;250 mm<\/td>\n<td class=\"col_6\">250&#215;250 mm<\/td>\n<td class=\"col_7\">250&#215;250 mm<\/td>\n<td class=\"col_8\">250&#215;250 mm<\/td>\n<td class=\"col_9 col_last\">250&#215;250 mm<\/td>\n<\/tr>\n<tr class=\"row_11 even\">\n<td class=\"col_0 col_first\">Power Supply<\/td>\n<td class=\"col_1\">Dual PSU<\/td>\n<td class=\"col_2\">Dual PSU<\/td>\n<td class=\"col_3\">Dual PSU<\/td>\n<td class=\"col_4\">Dual PSU<\/td>\n<td class=\"col_5\">Dual PSU<\/td>\n<td class=\"col_6\">Dual PSU<\/td>\n<td class=\"col_7\">Dual PSU<\/td>\n<td class=\"col_8\">Dual PSU<\/td>\n<td class=\"col_9 col_last\">Dual PSU<\/td>\n<\/tr>\n<tr class=\"row_12 odd\">\n<td class=\"col_0 col_first\">Power Consumption, Maximum (watts)<\/td>\n<td class=\"col_1\">180<\/td>\n<td class=\"col_2\">180<\/td>\n<td class=\"col_3\">180<\/td>\n<td class=\"col_4\">180<\/td>\n<td class=\"col_5\">180<\/td>\n<td class=\"col_6\">180<\/td>\n<td class=\"col_7\">180<\/td>\n<td class=\"col_8\">180<\/td>\n<td class=\"col_9 col_last\">180<\/td>\n<\/tr>\n<tr class=\"row_13 even\">\n<td class=\"col_0 col_first\">Line Voltage<\/td>\n<td class=\"col_1\">100~240v AC, 50\/60Hz<\/td>\n<td class=\"col_2\">100~240v AC, 50\/60Hz<\/td>\n<td class=\"col_3\">100~240v AC, 50\/60Hz<\/td>\n<td class=\"col_4\">100~240v AC, 50\/60Hz<\/td>\n<td class=\"col_5\">100~240v AC, 50\/60Hz<\/td>\n<td class=\"col_6\">100~240v AC, 50\/60Hz<\/td>\n<td class=\"col_7\">100~240v AC, 50\/60Hz<\/td>\n<td class=\"col_8\">100~240v AC, 50\/60Hz<\/td>\n<td class=\"col_9 col_last\">100~240v AC, 50\/60Hz<\/td>\n<\/tr>\n<tr class=\"row_14 odd\">\n<td class=\"col_0 col_first\">Cabinet Weight (per display)<\/td>\n<td class=\"col_1\">\u2264 8.00 kg \/ 17.64lbs<\/td>\n<td class=\"col_2\">\u2264 8.00 kg \/ 17.64lbs<\/td>\n<td class=\"col_3\">\u2264 8.00 kg \/ 17.64lbs<\/td>\n<td class=\"col_4\">\u2264 8.00 kg \/ 17.64lbs<\/td>\n<td class=\"col_5\">\u2264 8.00 kg \/ 17.64lbs<\/td>\n<td class=\"col_6\">\u2264 8.00 kg \/ 17.64lbs<\/td>\n<td class=\"col_7\">\u2264 8.00 kg \/ 17.64lbs<\/td>\n<td class=\"col_8\">\u2264 8.00 kg \/ 17.64lbs<\/td>\n<td class=\"col_9 col_last\">\u2264 8.00 kg \/ 17.64lbs<\/td>\n<\/tr>\n<tr class=\"row_15 even\">\n<td class=\"col_0 col_first\">Brightness Max, Calibration On (cd\/sq)<\/td>\n<td class=\"col_1\">3000<\/td>\n<td class=\"col_2\">3000<\/td>\n<td class=\"col_3\">3000<\/td>\n<td class=\"col_4\">4500<\/td>\n<td class=\"col_5\">5000<\/td>\n<td class=\"col_6\">5000<\/td>\n<td class=\"col_7\">5500<\/td>\n<td class=\"col_8\">5500<\/td>\n<td class=\"col_9 col_last\">5500<\/td>\n<\/tr>\n<tr class=\"row_16 odd\">\n<td class=\"col_0 col_first\">Supported Frame rate<\/td>\n<td class=\"col_1\">50Hz\/60Hz<\/td>\n<td class=\"col_2\">50Hz\/60Hz<\/td>\n<td class=\"col_3\">50Hz\/60Hz<\/td>\n<td class=\"col_4\">50Hz\/60Hz<\/td>\n<td class=\"col_5\">50Hz\/60Hz<\/td>\n<td class=\"col_6\">50Hz\/60Hz<\/td>\n<td class=\"col_7\">50Hz\/60Hz<\/td>\n<td class=\"col_8\">50Hz\/60Hz<\/td>\n<td class=\"col_9 col_last\">50Hz\/60Hz<\/td>\n<\/tr>\n<tr class=\"row_17 even\">\n<td class=\"col_0 col_first\">Color Temperature (K)<\/td>\n<td class=\"col_1\">3000-10000 adjustable<\/td>\n<td class=\"col_2\">3000-10000 adjustable<\/td>\n<td class=\"col_3\">3000-10000 adjustable<\/td>\n<td class=\"col_4\">3000-10000 adjustable<\/td>\n<td class=\"col_5\">3000-10000 adjustable<\/td>\n<td class=\"col_6\">3000-10000 adjustable<\/td>\n<td class=\"col_7\">3000-10000 adjustable<\/td>\n<td class=\"col_8\">3000-10000 adjustable<\/td>\n<td class=\"col_9 col_last\">3000-10000 adjustable<\/td>\n<\/tr>\n<tr class=\"row_18 odd\">\n<td class=\"col_0 col_first\">Contrast Ratio<\/td>\n<td class=\"col_1\">5000:1<\/td>\n<td class=\"col_2\">5000:1<\/td>\n<td class=\"col_3\">5000:1<\/td>\n<td class=\"col_4\">3000:1<\/td>\n<td class=\"col_5\">3000:1<\/td>\n<td class=\"col_6\">3000:1<\/td>\n<td class=\"col_7\">3000:1<\/td>\n<td class=\"col_8\">3000:1<\/td>\n<td class=\"col_9 col_last\">3000:1<\/td>\n<\/tr>\n<tr class=\"row_19 even\">\n<td class=\"col_0 col_first\">Viewing Angle (50% of brightness)<\/td>\n<td class=\"col_1\">&gt;160\u00b0 horizontal; &gt;140\u00b0 vertical<\/td>\n<td class=\"col_2\">&gt;160\u00b0 horizontal; &gt;140\u00b0 vertical<\/td>\n<td class=\"col_3\">&gt;160\u00b0 horizontal; &gt;140\u00b0 vertical<\/td>\n<td class=\"col_4\">&gt;150\u00b0 horizontal; &gt;130\u00b0 vertical<\/td>\n<td class=\"col_5\">&gt;150\u00b0 horizontal; &gt;130\u00b0 vertical<\/td>\n<td class=\"col_6\">&gt;150\u00b0 horizontal; &gt;130\u00b0 vertical<\/td>\n<td class=\"col_7\">&gt;150\u00b0 horizontal; &gt;130\u00b0 vertical<\/td>\n<td class=\"col_8\">&gt;150\u00b0 horizontal; &gt;130\u00b0 vertical<\/td>\n<td class=\"col_9 col_last\">&gt;150\u00b0 horizontal; &gt;130\u00b0 vertical<\/td>\n<\/tr>\n<tr class=\"row_20 odd\">\n<td class=\"col_0 col_first\">Front Access Install\/Service<\/td>\n<td class=\"col_1\">Yes<\/td>\n<td class=\"col_2\">Yes<\/td>\n<td class=\"col_3\">Yes<\/td>\n<td class=\"col_4\">Yes<\/td>\n<td class=\"col_5\">Yes<\/td>\n<td class=\"col_6\">Yes<\/td>\n<td class=\"col_7\">Yes<\/td>\n<td class=\"col_8\">Yes<\/td>\n<td class=\"col_9 col_last\">Yes<\/td>\n<\/tr>\n<tr class=\"row_21 even\">\n<td class=\"col_0 col_first\">Refresh Rate<\/td>\n<td class=\"col_1\">3840 Hz<\/td>\n<td class=\"col_2\">3840 Hz<\/td>\n<td class=\"col_3\">3840 Hz<\/td>\n<td class=\"col_4\">1920\/3000 Hz<\/td>\n<td class=\"col_5\">1920\/3000 Hz<\/td>\n<td class=\"col_6\">1920\/3000 Hz<\/td>\n<td class=\"col_7\">1920\/3000 Hz<\/td>\n<td class=\"col_8\">1920\/3000 Hz<\/td>\n<td class=\"col_9 col_last\">1920\/3000 Hz<\/td>\n<\/tr>\n<tr class=\"row_22 odd\">\n<td class=\"col_0 col_first\">LED Lifetime (Half Brightness)<\/td>\n<td class=\"col_1\">100,000 hours<\/td>\n<td class=\"col_2\">100,000 hours<\/td>\n<td class=\"col_3\">100,000 hours<\/td>\n<td class=\"col_4\">100,000 hours<\/td>\n<td class=\"col_5\">100,000 hours<\/td>\n<td class=\"col_6\">100,000 hours<\/td>\n<td class=\"col_7\">100,000 hours<\/td>\n<td class=\"col_8\">100,000 hours<\/td>\n<td class=\"col_9 col_last\">100,000 hours<\/td>\n<\/tr>\n<tr class=\"row_23 even\">\n<td class=\"col_0 col_first\">Operating Temperature\/Humidity<\/td>\n<td class=\"col_1\">-20\u00b0 to 40\u00b0 C (10-80% RH, non-condensing)<\/td>\n<td class=\"col_2\">-20\u00b0 to 40\u00b0 C (10-80% RH, non-condensing)<\/td>\n<td class=\"col_3\">-20\u00b0 to 40\u00b0 C (10-80% RH, non-condensing)<\/td>\n<td class=\"col_4\">-40\u00b0 to 50\u00b0 C (10-80% RH, non-condensing)<\/td>\n<td class=\"col_5\">-40\u00b0 to 50\u00b0 C (10-80% RH, non-condensing)<\/td>\n<td class=\"col_6\">-40\u00b0 to 50\u00b0 C (10-80% RH, non-condensing)<\/td>\n<td class=\"col_7\">-40\u00b0 to 50\u00b0 C (10-80% RH, non-condensing)<\/td>\n<td class=\"col_8\">-40\u00b0 to 50\u00b0 C (10-80% RH, non-condensing)<\/td>\n<td class=\"col_9 col_last\">-40\u00b0 to 50\u00b0 C (10-80% RH, non-condensing)<\/td>\n<\/tr>\n<tr class=\"row_24 odd\">\n<td class=\"col_0 col_first\">Storage Temperature\/Humidity<\/td>\n<td class=\"col_1\">-40\u00b0 to 60\u00b0 C (10-85% RH, non-condensing)<\/td>\n<td class=\"col_2\">-40\u00b0 to 60\u00b0 C (10-85% RH, non-condensing)<\/td>\n<td class=\"col_3\">-40\u00b0 to 60\u00b0 C (10-85% RH, non-condensing)<\/td>\n<td class=\"col_4\">-40\u00b0 to 60\u00b0 C (10-85% RH, non-condensing)<\/td>\n<td class=\"col_5\">-40\u00b0 to 60\u00b0 C (10-85% RH, non-condensing)<\/td>\n<td class=\"col_6\">-40\u00b0 to 60\u00b0 C (10-85% RH, non-condensing)<\/td>\n<td class=\"col_7\">-40\u00b0 to 60\u00b0 C (10-85% RH, non-condensing)<\/td>\n<td class=\"col_8\">-40\u00b0 to 60\u00b0 C (10-85% RH, non-condensing)<\/td>\n<td class=\"col_9 col_last\">-40\u00b0 to 60\u00b0 C (10-85% RH, non-condensing)<\/td>\n<\/tr>\n<tr class=\"row_25 even\">\n<td class=\"col_0 col_first\">IP Rating<\/td>\n<td class=\"col_1\">30<\/td>\n<td class=\"col_2\">30<\/td>\n<td class=\"col_3\">30<\/td>\n<td class=\"col_4\">65<\/td>\n<td class=\"col_5\">65<\/td>\n<td class=\"col_6\">65<\/td>\n<td class=\"col_7\">65<\/td>\n<td class=\"col_8\">65<\/td>\n<td class=\"col_9 col_last\">65<\/td>\n<\/tr>\n<tr class=\"row_26 row_last odd\">\n<td class=\"col_0 col_first\">Certifications<\/td>\n<td class=\"col_1\">EMC CLASS ACCC \\ CE \\ FCC \\ CB \\ cTUVus \\ ROHS2.0 \\ REACH<\/td>\n<td class=\"col_2\">EMC CLASS ACCC \\ CE \\ FCC \\ CB \\ cTUVus \\ ROHS2.0 \\ REACH<\/td>\n<td class=\"col_3\">EMC CLASS ACCC \\ CE \\ FCC \\ CB \\ cTUVus \\ ROHS2.0 \\ REACH<\/td>\n<td class=\"col_4\">EMC CLASS ACCC \\ CE \\ FCC \\ CB \\ cTUVus \\ ROHS2.0 \\ REACH<\/td>\n<td class=\"col_5\">EMC CLASS ACCC \\ CE \\ FCC \\ CB \\ cTUVus \\ ROHS2.0 \\ REACH<\/td>\n<td class=\"col_6\">EMC CLASS ACCC \\ CE \\ FCC \\ CB \\ cTUVus \\ ROHS2.0 \\ REACH<\/td>\n<td class=\"col_7\">EMC CLASS ACCC \\ CE \\ FCC \\ CB \\ cTUVus \\ ROHS2.0 \\ REACH<\/td>\n<td class=\"col_8\">EMC CLASS ACCC \\ CE \\ FCC \\ CB \\ cTUVus \\ ROHS2.0 \\ REACH<\/td>\n<td class=\"col_9 col_last\">EMC CLASS ACCC \\ CE \\ FCC \\ CB \\ cTUVus \\ ROHS2.0 \\ REACH<\/td>\n<\/tr>\n<\/tbody>\n<\/table>\n<\/div>\n<\/div>\n<\/div>\n<p>&nbsp;<\/p>\n","protected":false},"excerpt":{"rendered":"<p>Ecranele video LED de \u00eenalt\u0103 luminozitate pentru interior \u0219i exterior din seria Leyard Luminate&#x2122; Pro sunt proiectate pentru cerin\u021bele rapide ale evenimentelor temporare, loca\u021biilor mari \u0219i instala\u021biilor fixe. Ele ofer\u0103 acces u\u0219or la electronice din fa\u021b\u0103 sau din spate pentru o versatilitate sporit\u0103. Cabinetele LED\u00a0 ata\u0219ate magnetic cu un sistem de blocare rapid\u0103 permit manipularea unei singure persoane.<br \/>\nVarietate de instalare dup\u0103 design<\/p>\n<p>Ecranele video LED din seria Luminate Pro se adapteaz\u0103 cu u\u0219urin\u021b\u0103 la diferite modele, inclusiv suspendate, stivuite, montate pe perete, montate pe podea, ata\u0219ate la stiluri tradi\u021bionale \u0219i personalizate. Cu o gam\u0103 larg\u0103 de configura\u021bii, seria Leyard Luminate Pro este ideal\u0103 pentru aplica\u021bii, inclusiv concerte, festivaluri, conferin\u021be, adun\u0103ri publice, t\u00e2rguri sau expozi\u021bii.<br \/>\nProiectat pentru configurare \u0219i demontare frecvent\u0103<\/p>\n<p>Ecranele video din seria Leyard Luminate Pro ofer\u0103 cel mai \u00eenalt nivel de flexibilitate a afi\u0219ajului \u0219i u\u0219urin\u021b\u0103 de configurare. Pentru a permite instalarea pentru o singur\u0103 persoan\u0103, are puncte magnetice care \u021bin pentru scurt timp dulapul cu LED-uri pe loc, \u00een timp ce un instalator fixeaz\u0103 dulapul cu LED-uri \u0219i finalizeaz\u0103 cablarea. Cabinetii au, de asemenea, un sistem de blocare rapid\u0103 \u00eencorporat, ceea ce face u\u0219oar\u0103 \u0219i eficient\u0103 fixarea dulapurilor \u00eempreun\u0103.<\/p>\n<p>Modele pentru interior \u0219i exterior disponibile<\/p>\n<p>Modelele Leyard Luminate Pro Series LPI-1.9 p\u00e2n\u0103 la LPI-3.8 sunt pere\u021bi video LED de interior de \u00eenalt\u0103 luminozitate, cu un pas al pixelilor de la 1,9 mm p\u00e2n\u0103 la 3,8 mm, proiecta\u021bi pentru evenimente temporare, loca\u021bii mari \u0219i instala\u021bii fixe \u00een medii cu lumin\u0103 ambiental\u0103 ridicat\u0103.<\/p>\n<p>Modelele Leyard Luminate Pro Series LPO-2.9 p\u00e2n\u0103 la LPO-10.4 sunt pere\u021bi video LED pentru exterior de \u00eenalt\u0103 luminozitate, cu pasi de pixeli de la 2,9 mm la 10,4 mm, potriviti pentru evenimente temporare \u0219i instala\u021bii permanente chiar \u0219i \u00een lumina direct\u0103 a soarelui.<\/p>\n","protected":false},"featured_media":9708,"comment_status":"open","ping_status":"closed","template":"","meta":[],"product_brand":[],"product_cat":[895],"product_tag":[382,898,906,903,900,897,899,904,905,901,902],"class_list":{"0":"post-9698","1":"product","2":"type-product","3":"status-publish","4":"has-post-thumbnail","6":"product_cat-leyard-led","7":"product_tag-ecran-led","8":"product_tag-ecran-led-1-9","9":"product_tag-ecran-led-10-4","10":"product_tag-ecran-led-2-5","11":"product_tag-ecran-led-2-9","12":"product_tag-ecran-led-3-9","13":"product_tag-ecran-led-4-8","14":"product_tag-ecran-led-5-9","15":"product_tag-ecran-led-7-8","16":"product_tag-led-screen","17":"product_tag-leyard","19":"first","20":"onbackorder","21":"product-type-simple"},"jetpack_sharing_enabled":true,"_links":{"self":[{"href":"https:\/\/quintett.eu\/index.php?rest_route=\/wp\/v2\/product\/9698","targetHints":{"allow":["GET"]}}],"collection":[{"href":"https:\/\/quintett.eu\/index.php?rest_route=\/wp\/v2\/product"}],"about":[{"href":"https:\/\/quintett.eu\/index.php?rest_route=\/wp\/v2\/types\/product"}],"replies":[{"embeddable":true,"href":"https:\/\/quintett.eu\/index.php?rest_route=%2Fwp%2Fv2%2Fcomments&post=9698"}],"wp:featuredmedia":[{"embeddable":true,"href":"https:\/\/quintett.eu\/index.php?rest_route=\/wp\/v2\/media\/9708"}],"wp:attachment":[{"href":"https:\/\/quintett.eu\/index.php?rest_route=%2Fwp%2Fv2%2Fmedia&parent=9698"}],"wp:term":[{"taxonomy":"product_brand","embeddable":true,"href":"https:\/\/quintett.eu\/index.php?rest_route=%2Fwp%2Fv2%2Fproduct_brand&post=9698"},{"taxonomy":"product_cat","embeddable":true,"href":"https:\/\/quintett.eu\/index.php?rest_route=%2Fwp%2Fv2%2Fproduct_cat&post=9698"},{"taxonomy":"product_tag","embeddable":true,"href":"https:\/\/quintett.eu\/index.php?rest_route=%2Fwp%2Fv2%2Fproduct_tag&post=9698"}],"curies":[{"name":"wp","href":"https:\/\/api.w.org\/{rel}","templated":true}]}}