{"id":9736,"date":"2024-02-26T17:38:51","date_gmt":"2024-02-26T15:38:51","guid":{"rendered":"https:\/\/quintett.eu\/?post_type=product&#038;p=9736"},"modified":"2024-02-26T17:42:15","modified_gmt":"2024-02-26T15:42:15","slug":"klotz-claes44t","status":"publish","type":"product","link":"https:\/\/quintett.eu\/?product=klotz-claes44t","title":{"rendered":"Klotz CLAES44T"},"content":{"rendered":"<p>Specificatii:<\/p>\n<p>CATLink 4 canale microfon \/ line \/ stagebox AES<br \/>\ntransmisie a 4 semnale audio analogice (Line, Mic, 48V)<br \/>\ntransmisie a 4 semnale audio AES\/EBU digitale (4x stereo \/ 8x audio)<br \/>\ntransmiterea a patru semnale digitale de control (DMX, MIDI)<br \/>\nPerechile de XLR cu 3 pini F\/M conectate \u00een paralel pot fi folosite ca trimitere sau retur<br \/>\ncascad\u0103 simpl\u0103 prin priza 2x etherCON (in\/thru)<br \/>\nCarcas\u0103 metalic\u0103 u\u0219oar\u0103 \u0219i robust\u0103, cu acoperire cu pulbere neagr\u0103 mat\u0103<br \/>\nPicioare din cauciuc anti-alunecare, filet M-10 \u0219i 4 orificii pentru \u0219nur de siguran\u021b\u0103<br \/>\npentru cabluri de re\u021bea cu ecranare complet\u0103 (de exemplu RC5EE)<\/p>\n","protected":false},"excerpt":{"rendered":"<p>Stagebox \u00a0CATLink TRUSS cu 4 canale etherCON F||F &#8211; 4 x XLR 3p F||M<\/p>\n","protected":false},"featured_media":9742,"comment_status":"open","ping_status":"closed","template":"","meta":[],"product_brand":[],"product_cat":[37],"product_tag":[916,917,915,58],"class_list":{"0":"post-9736","1":"product","2":"type-product","3":"status-publish","4":"has-post-thumbnail","6":"product_cat-cabluri-la-metru","7":"product_tag-aes-stagebox","8":"product_tag-catlink","9":"product_tag-claes44t","10":"product_tag-klotz","12":"first","13":"instock","14":"purchasable","15":"product-type-simple"},"jetpack_sharing_enabled":true,"_links":{"self":[{"href":"https:\/\/quintett.eu\/index.php?rest_route=\/wp\/v2\/product\/9736","targetHints":{"allow":["GET"]}}],"collection":[{"href":"https:\/\/quintett.eu\/index.php?rest_route=\/wp\/v2\/product"}],"about":[{"href":"https:\/\/quintett.eu\/index.php?rest_route=\/wp\/v2\/types\/product"}],"replies":[{"embeddable":true,"href":"https:\/\/quintett.eu\/index.php?rest_route=%2Fwp%2Fv2%2Fcomments&post=9736"}],"wp:featuredmedia":[{"embeddable":true,"href":"https:\/\/quintett.eu\/index.php?rest_route=\/wp\/v2\/media\/9742"}],"wp:attachment":[{"href":"https:\/\/quintett.eu\/index.php?rest_route=%2Fwp%2Fv2%2Fmedia&parent=9736"}],"wp:term":[{"taxonomy":"product_brand","embeddable":true,"href":"https:\/\/quintett.eu\/index.php?rest_route=%2Fwp%2Fv2%2Fproduct_brand&post=9736"},{"taxonomy":"product_cat","embeddable":true,"href":"https:\/\/quintett.eu\/index.php?rest_route=%2Fwp%2Fv2%2Fproduct_cat&post=9736"},{"taxonomy":"product_tag","embeddable":true,"href":"https:\/\/quintett.eu\/index.php?rest_route=%2Fwp%2Fv2%2Fproduct_tag&post=9736"}],"curies":[{"name":"wp","href":"https:\/\/api.w.org\/{rel}","templated":true}]}}