{"id":9761,"date":"2024-03-04T11:54:19","date_gmt":"2024-03-04T09:54:19","guid":{"rendered":"https:\/\/quintett.eu\/?post_type=product&#038;p=9761"},"modified":"2025-07-04T11:14:16","modified_gmt":"2025-07-04T09:14:16","slug":"tw-audio-sysrack-tgx10","status":"publish","type":"product","link":"https:\/\/quintett.eu\/?product=tw-audio-sysrack-tgx10","title":{"rendered":"TW AUDIO SYSRACK-TGX10"},"content":{"rendered":"<p>Amplificator multi-canal\u00a0Dynacord TGX10 DSP<\/p>\n<p class=\"scrollsnap\">Amplificatoarele pe 4 canale pentru live seria TGX de la Dynacord sunt printre cele mai puternice si performante de pe pia\u021b\u0103 \u0219i reprezint\u0103 apogeul elelctronicelor pro audio de la Dynacord.<\/p>\n<p class=\"scrollsnap\">\u00cempreun\u0103 cu densitate de putere f\u0103r\u0103 precedent, acestea ofer\u0103 calitatea audio specific\u0103 Dynacord, fiabilitate extins\u0103 \u0219i eficien\u021bp a puterii. Proiectate \u0219i construite \u00een Germania, amplificatoarele TGX sunt f\u0103cute pentru a fi utilizate \u00een cele mai prestigioase aplica\u021bii audio de scal\u0103 mare pentru scenarii live. Ele con\u021bin diverse tehnologii de amplificare patentate de Dynacord, una din cele mai experimentate echipe de cercetare \u0219i dezvoltare din industria audio.<\/p>\n<p class=\"scrollsnap\">Un sistem preconfigurat de rack este disponibil care include 3x amplificatoare TGX20 DSP, distribu\u021bie putere, interfe\u021be intrare\/ie\u0219ire \u0219i redundan\u021b\u0103 a internetului.<\/p>\n<p class=\"scrollsnap\"><b>Detalii principale:<\/b><\/p>\n<ul>\n<li>Amplificator DSP pe 4 canale pentru aplica\u021bii live<\/li>\n<li class=\"pb-2 scrollsnap\">Densitate putere de p\u00e2n\u0103 la 10kW \u00een 2RU<\/li>\n<li class=\"pb-2 scrollsnap\">DSP Tour-grade de 96 kHz DSP care include PEQ-uri multi-band, crossovere, limitatoare \u0219i delay per canal<\/li>\n<li class=\"pb-2 scrollsnap\">Libr\u0103rie de preseturi difuzor \u0219i FIR-Drive iintegrat\u0103 pentru calitate audio nem\u0103rginit\u0103<\/li>\n<li class=\"pb-2 scrollsnap\">Integrare OMNEO pentru re\u021bele integrate controlate la distan\u021b\u0103 prin protocol Dante Audio \u0219i OCA\/AES 70<\/li>\n<li class=\"pb-2 scrollsnap\">Manevrabilitate fiabil\u0103 a tensiunii<\/li>\n<li class=\"pb-2 scrollsnap\">Stabilitate f\u0103r\u0103 compromis p\u00e2n\u0103 la 2 ohmi<\/li>\n<li class=\"pb-2 scrollsnap\"><\/li>\n<li>Ecran touch screen full color pentru controlul f\u0103r\u0103 software<\/li>\n<\/ul>\n<p><strong>Specifica\u021bii tehnice:<\/strong><\/p>\n<ul>\n<li>Amplficator multi-canal 4 x 2500W @\u00a04\u03a9<\/li>\n<li>Putere\/impedanta: 4 x\u00a02600 W @ 2\u03a9 \/ 4 x 3000 W @\u00a02.7\u03a9 \/ 4 x 2500 W @\u00a04\u03a9 \/ 4 x 1250 @\u00a08\u03a9<\/li>\n<li>Amplificare\n<ul>\n<li>Voltaj\u00a0ref.1 kHz 32.0 dB, ajustabil 24-40 dB<\/li>\n<li>Sensibilitate intrare ref.\u00a0la voltaj maxim iesit 10.7 dBu (2.66 V), ajustabil 2.7-18.7 dBu<\/li>\n<li>THD 3 dB below Max., AES17, 1 kHz &lt; 0.05 %<\/li>\n<li>IMD-SMPTE, 60 Hz, 7 kHz &lt; 0.05 %<\/li>\n<li>DIM100, 3.15 kHz, 15 kHz &lt; 0.15 %<\/li>\n<li>Crosstalk ref. 1 kHz, 12 dB sub max., 8 \u03a9 &lt; -80 dB<\/li>\n<li>Raspuns frecventa\u00a0ref. 1 kHz, analog in &#8211; iesire boxa\u00a020 Hz to 20 kHz (\u01050.5 dB)<\/li>\n<li>Factor amortizare, 20 Hz la 200 Hz, 8 \u03a9 &gt; 400<\/li>\n<li>Tipologie iesire semnal Class D, frecventa fixa<\/li>\n<\/ul>\n<\/li>\n<li>Raport semnal la zgomot\n<ul>\n<li>A-weighted, analog input 112 dB<\/li>\n<li>A-weighted, digital input 115 dB<\/li>\n<\/ul>\n<\/li>\n<li>Output Noise\n<ul>\n<li>A-weighted, analog input &lt; -70 dBu<\/li>\n<li>A-weighted, digital input &lt; -73 dBu<\/li>\n<\/ul>\n<\/li>\n<li>Procesare digitala\n<ul>\n<li>procesare DSP: sampling rate 48 kHz\/96 kHz, OMNEO\/Dante\u00a0sincronizat<\/li>\n<\/ul>\n<\/li>\n<li>Delay semnal \/ Latenta\n<ul>\n<li>Analog in la iesire, 48 kHz\/96 kHz 0.70 ms\/0.53 ms<\/li>\n<li>AES3 in la iesire , 48 kHz\/96 kHz 1.00 ms\/0.66 ms<\/li>\n<li>latenta Dante Network typ. 1.00 ms<\/li>\n<li>procesare semnal: 32\/40 bit,<\/li>\n<li>EQ utilizator: 12 filtre \/canal,\u00a0selectabil ca PEQ, Lo-Shelv, Hi-Shelv, Lo-ShelvQ, Hi-ShelvQ, Hi-Pass, Lo-Pass &amp; Notch;\u00a02 filtre asimtrice<\/li>\n<li>delay utilizator: de la 0 la 2000 ms per channel (unitati de masura: \u03bcs, ms, s, cm, m, inches, feet)<\/li>\n<li>Array EQ:\u00a05 filtre \/ canal, selectabil ca\u00a0PEQ, Lo-Shelv, Hi-Shelv, Lo-ShelvQ, Hi-ShelvQ, Hi-Pass, Lo-Pass, &amp; All-Pass<\/li>\n<li>Array Delay: de la 0 la 500 ms \/ canal\u00a0(units: \u03bcs, ms, s, cm, m, inches, feet)<\/li>\n<li>EQ difuzor:\u00a010 filtre \/ canal, selectabil ca PEQ, Lo-Shelv, Hi-Shelv, Hi-Pass, Lo-Pass, &amp; All-Pass<\/li>\n<li>X-Over difuzor: Hi-Pass difuzor &amp; Lo-Pass \/ canal, 6\/12\/18\/24\/30\/36\/42\/48 dB Bessel\/Butterworth, 12\/24\/48 dB Linkwitz-Riley; delay de aliniere, de la 0 la 20 ms\u00a0per canal<\/li>\n<li>FIR difuzor: de pana la 1025 tap-uri, Linear Phase Filter, Linear Phase Brickwall X-Over<\/li>\n<li>Limitatoare: Peak Anticipation Limiter &amp; RMS\/TEMP Limiter\u00a0\/ canal<\/li>\n<li>Alte functii:\u00a0selectie sursa &amp; Mix, Level, Mute, Polarity, Sine &amp; Noise Generator, Level Meters, masurarea impedantei\u00a0&amp; Load Monitoring<\/li>\n<\/ul>\n<\/li>\n<li>Memorie interna:\n<ul>\n<li>preset-uri DSP 1 fabrica + 20\u00a0utilizator<\/li>\n<li>Speaker-Pool Presets 30 preset-uri pentru diferite boxe<\/li>\n<li>supervizare sursa\u00a0&amp; blocare Fallback AES3 &amp; supervizare retea OMNEO\/Dante,\u00a0trecerea la selec\u021bia sursei alternative<\/li>\n<\/ul>\n<\/li>\n<li>Intrari audio analagice \/ thru<\/li>\n<li>\n<ul>\n<li>tip: AES3 Lock &amp; supervizare retea OMNEO\/Dante, selectie de trecere pe sursa alternativa<\/li>\n<li>nivel maxim de intrare:\u00a0+24 dBu<\/li>\n<li>impedanta intrare, balansare activa: 20 k\u03a9<\/li>\n<li>nivel de referin\u021b\u0103 egal cu intrarea digital\u0103: +21 dBu\u00a0pentru 0 dBFS<\/li>\n<\/ul>\n<\/li>\n<li>Digital Audio Input\/Thru<\/li>\n<li>Tip: conector 2 x 3-pin XLR (folosire alternativa ca analog in\/thru)\n<ul>\n<li>format: AES3 (AES\/EBU)<\/li>\n<li>rata de esantionare a intrarilor: de la 32\u00a0la 192 kHz, Sample-Rate-Converter intern<\/li>\n<li>conector Thru:\u00a0buffer\u00a0activ, bypass direct daca dispozitivul nu este alimentat<\/li>\n<\/ul>\n<\/li>\n<\/ul>\n<ul>\n<li>Retea<\/li>\n<\/ul>\n<ul>\n<li>\n<ul>\n<li>Tip:\u00a02 x Neutrik etherCON\/RJ45, redundant PRIMARY\/SECONDARY<\/li>\n<li>Format 1000base-T\/100base-TX, integrated switch<\/li>\n<li>Intrari Network Audio: 8 canale, 48\/96 kHz, OMNEO\/Dante format<\/li>\n<li>Iesiri Network Audio (Monitor): 2 canale, 48\/96 kHz, OMNEO\/Dante format<\/li>\n<li>Port service (pe fata amplificatorului): 1 x USB Type A<\/li>\n<li>Alimentare curent: 1 x Neutrik powerCON-HC<\/li>\n<li>Iesiri difuzoare:\u00a04 x Neutrik NL4 (4 poli)<\/li>\n<\/ul>\n<\/li>\n<\/ul>\n<ul>\n<li>Interfata utilizator\n<ul>\n<li>display 320 x 240 pixel, 3.5&#8243; color TFT&#8220;<\/li>\n<li>indicatori prezenti pe fata amplificatorului: inel full color LED<\/li>\n<li>operarea frontala a amplificatorului:\u00a0buton rotativ cu selectie, Capacitive Touch Screen<\/li>\n<li>indicatori prezenti pe spatele amplificatorului\u00a02 x LED (AES3 Input mode active, Amp-Find)<\/li>\n<li>buton pronire\/oprire pozitionat pe spatele amplificatorului<\/li>\n<li>necesar curent\u00a0de la 100 V la 240 V, 50 Hz la 60 Hz AC<\/li>\n<\/ul>\n<\/li>\n<li>Consum\n<ul>\n<li>consum curent aproximat\u00a01200 W<\/li>\n<li>\u215b putere maxima de iesire la 4 \u03a9 1765 W<\/li>\n<li>mod Idle (fara semnal) 80 W<\/li>\n<li>mod Stand-By Mode &lt; 18 W<\/li>\n<li>sursa de alimentare digitala in comutatie, corectie digitala<\/li>\n<\/ul>\n<\/li>\n<li>Protectii: audio,\u00a0limitator, temperatura ridicata, DC, HF, scurt circuit, Back-EMF, limitator pentru supra-tensiune, limitarea curentului,\u00a0pornire cu Delay, siguranta protectie pentru circuit principal, protectie pentru sub sau suprasarcina<\/li>\n<li>Racire: racire activa cu ventilator pe directia aborbtie fata-evacuare spate, supervizat si controlat automat<\/li>\n<li>Temperatura de operare: +5\u00b0C la +40\u00b0C<\/li>\n<li>Protectie curent: IEC Protection Class Class I (cu impamantare)<\/li>\n<li>Mediu electromagnetic: E1, E2, E3<\/li>\n<li>Culoare: negru<\/li>\n<li>Dimensiuni\u00a0(W x H x D), mm 483 x 88.1 x 514.2<\/li>\n<li>Greutate: 15.0 kg<\/li>\n<li>Greutate de expediere:\u00a017.2 kg<\/li>\n<\/ul>\n","protected":false},"excerpt":{"rendered":"<p>SYSRACK-TGX, dezvoltat special de TW AUDIO, include un amplificator de putere Dynacord TGX10, precum \u0219i noul panou de conectare APL7-TGX iluminat cu LED, toate combinate \u00een noul Rack4TGX.<\/p>\n<p>Amplificatoarele de sunet live TGX cu 4 canale de la Dynacord sunt una dintre cele mai puternice de pe pia\u021b\u0103 \u0219i reprezint\u0103 v\u00e2rful ingineriei electronice audio profesionale. Pe l\u00e2ng\u0103 o densitate de putere f\u0103r\u0103 precedent, acestea ofer\u0103 calitatea audio caracteristic\u0103 Dynacord, fiabilitate avansat\u0103 \u0219i eficien\u021b\u0103 energetic\u0103.<\/p>\n<p>Proiectate \u0219i fabricate \u00een Germania, amplificatoarele TGX sunt construite ca solu\u021bie de amplificare suprem\u0103 pentru aplica\u021bii de sunet de performan\u021b\u0103 live la scar\u0103 larg\u0103. Acestea includ mai multe tehnologii de amplificare brevetate dezvoltate de Dynacord Engineering, una dintre cele mai experimentate echipe de cercetare \u0219i dezvoltare din industria audio.<\/p>\n<p>Panoul conector APL7 asigur\u0103 toate conexiunile amplificatorului \u00een partea din fa\u021b\u0103 a SYSRACK-TGX. Banda LED integrat\u0103 \u0219i comutabil\u0103 asigur\u0103 o vedere de ansamblu clar\u0103 a panoului chiar \u0219i \u00een condi\u021bii dificile de iluminare.<\/p>\n","protected":false},"featured_media":9762,"comment_status":"open","ping_status":"closed","template":"","meta":[],"product_brand":[],"product_cat":[19],"product_tag":[919,920,922,921,198,923,918,55],"class_list":{"0":"post-9761","1":"product","2":"type-product","3":"status-publish","4":"has-post-thumbnail","6":"product_cat-tw-audio","7":"product_tag-amplificator-4-canale","8":"product_tag-dynacord","9":"product_tag-dynacord-tgx10","10":"product_tag-dynacord-tgx20","11":"product_tag-pa-sys-one","12":"product_tag-sysrack-tgx10","13":"product_tag-sysrack-tgx20","14":"product_tag-tw-audio","16":"first","17":"instock","18":"purchasable","19":"product-type-simple"},"jetpack_sharing_enabled":true,"_links":{"self":[{"href":"https:\/\/quintett.eu\/index.php?rest_route=\/wp\/v2\/product\/9761","targetHints":{"allow":["GET"]}}],"collection":[{"href":"https:\/\/quintett.eu\/index.php?rest_route=\/wp\/v2\/product"}],"about":[{"href":"https:\/\/quintett.eu\/index.php?rest_route=\/wp\/v2\/types\/product"}],"replies":[{"embeddable":true,"href":"https:\/\/quintett.eu\/index.php?rest_route=%2Fwp%2Fv2%2Fcomments&post=9761"}],"wp:featuredmedia":[{"embeddable":true,"href":"https:\/\/quintett.eu\/index.php?rest_route=\/wp\/v2\/media\/9762"}],"wp:attachment":[{"href":"https:\/\/quintett.eu\/index.php?rest_route=%2Fwp%2Fv2%2Fmedia&parent=9761"}],"wp:term":[{"taxonomy":"product_brand","embeddable":true,"href":"https:\/\/quintett.eu\/index.php?rest_route=%2Fwp%2Fv2%2Fproduct_brand&post=9761"},{"taxonomy":"product_cat","embeddable":true,"href":"https:\/\/quintett.eu\/index.php?rest_route=%2Fwp%2Fv2%2Fproduct_cat&post=9761"},{"taxonomy":"product_tag","embeddable":true,"href":"https:\/\/quintett.eu\/index.php?rest_route=%2Fwp%2Fv2%2Fproduct_tag&post=9761"}],"curies":[{"name":"wp","href":"https:\/\/api.w.org\/{rel}","templated":true}]}}