{"id":979,"date":"2020-05-26T18:13:20","date_gmt":"2020-05-26T16:13:20","guid":{"rendered":"https:\/\/quintett.eu\/?post_type=product&#038;p=979"},"modified":"2021-02-16T18:26:06","modified_gmt":"2021-02-16T16:26:06","slug":"audio-technica-ath-e40","status":"publish","type":"product","link":"https:\/\/quintett.eu\/?product=audio-technica-ath-e40","title":{"rendered":"Audio Technica ATH-E40"},"content":{"rendered":"<p><strong>R\u0103spuns \u00een frecven\u021b\u0103\u00a0<\/strong>20 \u2013 20,000 Hz<\/p>\n<p><strong>Sensibilitate\u00a0<\/strong>107 dB\/mW<\/p>\n<p><strong>Impedan\u021b\u0103\u00a0<\/strong>12 ohmi<\/p>\n<p><strong>Greutate\u00a0<\/strong>10 g<\/p>\n<p><strong>Cablu\u00a0<\/strong>Deta\u0219abil, de 1.6 m (5.2&#8242;) cu conectori A2DC<\/p>\n<p><strong>Conector\u00a0<\/strong>Mini-jack stereo de 3.5 mm (1\/8&#8243;) placat cu aur, \u00een form\u0103 de L<\/p>\n<p><strong>Accesorii incluse\u00a0<\/strong>Toc de transport, eartips din silicon (XS\/S\/M\/L)<\/p>\n","protected":false},"excerpt":{"rendered":"<h2>ATH-E40<\/h2>\n<h3>casti de monitorizare in-ear profesionale<\/h3>\n<p>Driver-ul proprietar cu faz\u0103 dual\u0103 \u00een sistem push-pull confer\u0103 fidelitate \u00eembun\u0103t\u0103\u021bit\u0103 \u0219i eficien\u021b\u0103 mai mare \u00een redarea sunetului. C\u0103\u0219tile profesionale de monitorizare in-ear ATH-E40 livreaz\u0103 un sunet cu bass puternic \u0219i frecven\u021be medii \u0219i \u00eenalte bine echilibrate, pentru a reda \u00eentreg spectrul muzicii ascultate.<\/p>\n<p>Modelul ATH-E40 are incinte create special pentru a oferi o izolare incredibil\u0103. Izolarea fonic\u0103 &#8211; \u0219i confortul &#8211; sunt maximizate datorit\u0103 celor patru m\u0103rimi de eartips disponibile (XS\/S\/M\/L), care permit o potrivire personalizat\u0103.<\/p>\n<ul>\n<li>Drivere cu faz\u0103 dual\u0103 \u00een sistem push-pull ce exceleaz\u0103 \u00een aplica\u021bii de monitorizare<\/li>\n<li>Cablul flexibil cu memorie formeaz\u0103 o bucl\u0103 \u00een jurul urechii, pentru o potrivire perfect\u0103<\/li>\n<li>Incintele cu design special ofer\u0103 izolare \u00eembun\u0103t\u0103\u021bit\u0103389<\/li>\n<\/ul>\n","protected":false},"featured_media":980,"comment_status":"open","ping_status":"closed","template":"","meta":[],"product_brand":[],"product_cat":[60],"product_tag":[131,118,127,130],"class_list":{"0":"post-979","1":"product","2":"type-product","3":"status-publish","4":"has-post-thumbnail","6":"product_cat-microfoane","7":"product_tag-ath-e40","8":"product_tag-audio-technica","9":"product_tag-casti","10":"product_tag-in-ear","12":"first","13":"instock","14":"taxable","15":"shipping-taxable","16":"purchasable","17":"product-type-simple"},"jetpack_sharing_enabled":true,"_links":{"self":[{"href":"https:\/\/quintett.eu\/index.php?rest_route=\/wp\/v2\/product\/979","targetHints":{"allow":["GET"]}}],"collection":[{"href":"https:\/\/quintett.eu\/index.php?rest_route=\/wp\/v2\/product"}],"about":[{"href":"https:\/\/quintett.eu\/index.php?rest_route=\/wp\/v2\/types\/product"}],"replies":[{"embeddable":true,"href":"https:\/\/quintett.eu\/index.php?rest_route=%2Fwp%2Fv2%2Fcomments&post=979"}],"wp:featuredmedia":[{"embeddable":true,"href":"https:\/\/quintett.eu\/index.php?rest_route=\/wp\/v2\/media\/980"}],"wp:attachment":[{"href":"https:\/\/quintett.eu\/index.php?rest_route=%2Fwp%2Fv2%2Fmedia&parent=979"}],"wp:term":[{"taxonomy":"product_brand","embeddable":true,"href":"https:\/\/quintett.eu\/index.php?rest_route=%2Fwp%2Fv2%2Fproduct_brand&post=979"},{"taxonomy":"product_cat","embeddable":true,"href":"https:\/\/quintett.eu\/index.php?rest_route=%2Fwp%2Fv2%2Fproduct_cat&post=979"},{"taxonomy":"product_tag","embeddable":true,"href":"https:\/\/quintett.eu\/index.php?rest_route=%2Fwp%2Fv2%2Fproduct_tag&post=979"}],"curies":[{"name":"wp","href":"https:\/\/api.w.org\/{rel}","templated":true}]}}