{"id":9820,"date":"2024-03-04T16:07:39","date_gmt":"2024-03-04T14:07:39","guid":{"rendered":"https:\/\/quintett.eu\/?post_type=product&#038;p=9820"},"modified":"2024-03-06T16:24:26","modified_gmt":"2024-03-06T14:24:26","slug":"klotz-cablu-pentru-microfon-5m","status":"publish","type":"product","link":"https:\/\/quintett.eu\/?product=klotz-cablu-pentru-microfon-5m","title":{"rendered":"KLOTZ cablu pentru microfon 5m"},"content":{"rendered":"<p>KLOTZ cablu pentru microfon MY206<br \/>\ncu XLR 3p F\/M de la KLOTZ<\/p>\n<p>-cablu negru clasic pentru muzicieni ambi\u021bio\u0219i-<br \/>\n-pl\u0103cere sonor\u0103 pur\u0103 pentru scen\u0103, studio \u0219i sal\u0103 de repeti\u021bii<br \/>\n-materiale de calitate superioara: manta PVC, scut spiralat &#8211; Cu<br \/>\n-ofer\u0103 un sunet puternic, transparent \u0219i asertiv<br \/>\n-capacitate sc\u0103zut\u0103-design cu miez r\u0103sucit gras, interferen\u021b\u0103 minim<\/p>\n<p>&nbsp;<\/p>\n","protected":false},"excerpt":{"rendered":"<p>KLOTZ cablu pentru microfon 5m ,MY206 cu XLR 3p F\/M de la KLOTZ<\/p>\n","protected":false},"featured_media":9816,"comment_status":"open","ping_status":"closed","template":"","meta":[],"product_brand":[],"product_cat":[37],"product_tag":[929,943,941,942,939,940],"class_list":{"0":"post-9820","1":"product","2":"type-product","3":"status-publish","4":"has-post-thumbnail","6":"product_cat-cabluri-la-metru","7":"product_tag-cablu-klotz","8":"product_tag-cablu-microfon-10m","9":"product_tag-cablu-microfon-3m","10":"product_tag-cablu-microfon-5m","11":"product_tag-klotz-cablu-microfon","12":"product_tag-my206-cablu-microfon","14":"first","15":"instock","16":"sale","17":"purchasable","18":"product-type-simple"},"jetpack_sharing_enabled":true,"_links":{"self":[{"href":"https:\/\/quintett.eu\/index.php?rest_route=\/wp\/v2\/product\/9820","targetHints":{"allow":["GET"]}}],"collection":[{"href":"https:\/\/quintett.eu\/index.php?rest_route=\/wp\/v2\/product"}],"about":[{"href":"https:\/\/quintett.eu\/index.php?rest_route=\/wp\/v2\/types\/product"}],"replies":[{"embeddable":true,"href":"https:\/\/quintett.eu\/index.php?rest_route=%2Fwp%2Fv2%2Fcomments&post=9820"}],"wp:featuredmedia":[{"embeddable":true,"href":"https:\/\/quintett.eu\/index.php?rest_route=\/wp\/v2\/media\/9816"}],"wp:attachment":[{"href":"https:\/\/quintett.eu\/index.php?rest_route=%2Fwp%2Fv2%2Fmedia&parent=9820"}],"wp:term":[{"taxonomy":"product_brand","embeddable":true,"href":"https:\/\/quintett.eu\/index.php?rest_route=%2Fwp%2Fv2%2Fproduct_brand&post=9820"},{"taxonomy":"product_cat","embeddable":true,"href":"https:\/\/quintett.eu\/index.php?rest_route=%2Fwp%2Fv2%2Fproduct_cat&post=9820"},{"taxonomy":"product_tag","embeddable":true,"href":"https:\/\/quintett.eu\/index.php?rest_route=%2Fwp%2Fv2%2Fproduct_tag&post=9820"}],"curies":[{"name":"wp","href":"https:\/\/api.w.org\/{rel}","templated":true}]}}